{"id":2261,"date":"2015-05-12T11:41:35","date_gmt":"2015-05-12T09:41:35","guid":{"rendered":"http:\/\/www.neumayerschule.de\/?page_id=2261"},"modified":"2018-02-08T19:39:04","modified_gmt":"2018-02-08T18:39:04","slug":"leitbild","status":"publish","type":"page","link":"https:\/\/www.neumayerschule.de\/?page_id=2261","title":{"rendered":"Leitbild"},"content":{"rendered":"<div id=\"pl-2261\"  class=\"panel-layout\" ><div id=\"pg-2261-0\"  class=\"panel-grid panel-no-style\" ><div id=\"pgc-2261-0-0\"  class=\"panel-grid-cell\" ><div id=\"panel-2261-0-0-0\" class=\"so-panel widget widget_black-studio-tinymce widget_black_studio_tinymce panel-first-child panel-last-child\" data-index=\"0\" ><div class=\"textwidget\"><p>Die Neumayerschule -Schule mit dem F\u00f6rderschwerpunkt Sprache- ist eine \u00f6ffentliche Schule des Landes Rheinland-Pfalz. Schultr\u00e4ger ist die Stadt Frankenthal.<br \/>Im Schulalltag arbeiten verschiedene Fachkr\u00e4fte (F\u00f6rderschullehrerInnen und P\u00e4dagogische Fachkr\u00e4fte) miteinander. <br \/>Aufgabe und Ziel der Schule mit dem F\u00f6rderschwerpunkt Sprache ist die sonderp\u00e4dagogische F\u00f6rderung. Sie umfasst<\/p>\n<ul>\n<li>diagnosegeleitete (Sprach-) F\u00f6rderung,<\/li>\n<li>sprachf\u00f6rdernden Unterricht unter sonderp\u00e4dagogischen Gesichtspunkten,<\/li>\n<li>R\u00fcckbegleitung.<\/li>\n<\/ul>\n<p>Der Unterricht basiert auf den Rahmenpl\u00e4nen der Grundschule. Grundlage f\u00fcr Erziehung und Unterricht sind individuelle F\u00f6rderpl\u00e4ne. Im Mittelpunkt der individuellen F\u00f6rderung stehen die Wissens- und Kompetenzerweiterung und die Weiterentwicklung der sprachlichen Handlungskompetenzen.<\/p>\n<p>Das Leitbild unserer Schule will<\/p>\n<ul>\n<li>ein Orientierungsrahmen f\u00fcr alle MitarbeiterInnen der Schule, Eltern und Sch\u00fclerInnen sein.<\/li>\n<li>das Bildungsverst\u00e4ndnis und die Erziehungsziele der Schule aufzeigen.\u00a0<\/li>\n<li>\u00fcber gemeinsame Ziele, Werte und Visionen informieren.<\/li>\n<li>eine Richtschnur f\u00fcr den Schulentwicklungsprozess sein.<\/li>\n<\/ul>\n<p><strong>Bildungsverst\u00e4ndnis<\/strong><br \/>Wir sehen unsere Sch\u00fclerInnen als eigenst\u00e4ndige Pers\u00f6nlichkeiten, denen wir mit Respekt, Wertsch\u00e4tzung und Empathie begegnen. Ihre Bildung und Entwicklung sind eigenaktive Prozesse, die jedoch ein Gegen\u00fcber und eine individuell strukturierte Lernumwelt ben\u00f6tigt.<\/p>\n<p><strong>Erziehungsziele<\/strong><br \/>Selbstbewusste und selbst\u00e4ndige Kinder sind neugierig und zeigen Freude am Lernen. Wir achten darauf, dass sie bestehende Regeln respektieren und respektvoll miteinander umgehen.<\/p>\n<p><strong>Unterricht<\/strong><br \/>Neben den allgemeinen Bedingungen eines \"guten\" Unterrichts (z.B. Methodenvielfalt, Differenzierung, positives Lernklima, Handlungsorientierung, ...) umfasst der Unterricht an der Schule mit dem F\u00f6rderschwerpunkt Sprache f\u00fcr uns zus\u00e4tzliche Elemente:<\/p>\n<ul>\n<li>m\u00f6glichst hoher Sprachumsatz der Sch\u00fclerInnen<\/li>\n<li>diagnosegeleitete, individuelle (Sprach-F\u00f6rderung)<\/li>\n<li>Therapieimmanenz:\n<ul>\n<li>Auswahl der Lerninhalte, Lernmethoden und -medien auch im Hinblick auf sprachtherapeutische Ziele<\/li>\n<li>Transfer individueller Sprachf\u00f6rderziele in den Unterricht<\/li>\n<\/ul>\n<\/li>\n<\/ul>\n<p><strong>Sprachtherapie<\/strong><br \/>Eine regelm\u00e4\u00dfige sprachtherapeutische Einzel- und Kleingruppenf\u00f6rderung ist ein unverzichtbarer Bestandteil unserer Arbeit mit sprachbeeintr\u00e4chtigten Kindern, der fest und sichtbar im Stundenplan verankert ist.<br \/>Die Sprachtherapie orientiert sich am F\u00f6rderbedarf des Kindes und basiert auf einer differenzierten Ist-Standanalyse bezogen auf die 4 Sprachebenen:<\/p>\n<ul>\n<li>phonetisch-phonologisch (Aussprache)<\/li>\n<li>syntaktisch-morphologisch (Grammatik)<\/li>\n<li>semantisch-lexikalisch (Wortschatz)<\/li>\n<li>pragmatisch-kommunikativ (Kommunikation)<\/li>\n<\/ul>\n<p>Die festgelegten F\u00f6rderziele werden immer wieder reflektiert und aktualisiert.<\/p>\n<p><strong>Zusammenarbeit innerhalb der Schule<\/strong><br \/>Eine gute Zusammenarbeit innerhalb der Schule erreichen wir,<\/p>\n<ul>\n<li>indem klassen\u00fcbergreifend Absprachen getroffen und eingehalten werden<\/li>\n<li>durch einen regelm\u00e4\u00dfigen Erfahrungsaustausch.<\/li>\n<li>durch gegenseitige Wertsch\u00e4tzung der Arbeit innerhalb des Kollegiums.<\/li>\n<li>durch einen empathisch respektvollen und vertrauensvollen Umgang miteinander.<\/li>\n<li>indem sich jeder im Schulalltag f\u00fcr die Gestaltung und Weiterentwicklung der Schule einsetzt.<\/li>\n<\/ul>\n<p><strong>Zusammenarbeit zwischen Schule und Elternhaus<\/strong> <br \/>Schule und Elternhaus tragen gemeinsam die Verantwortung f\u00fcr die Entwicklung des Kindes.<br \/>Eine gute Zusammenarbeit zwischen Schule und Elternhaus erreichen wir,<\/p>\n<ul>\n<li>durch regelm\u00e4\u00dfige Elterngespr\u00e4che.<\/li>\n<li>indem wir empathisch und respektvoll miteinander umgehen.<\/li>\n<\/ul>\n<p><strong>Professionalit\u00e4t<\/strong><br \/>Ein aktueller Wissensstand ist die Grundlage unseres professionellen Handelns. Breit gef\u00e4cherte und an den Bed\u00fcrfnissen der Kinder orientierte Fortbildungen sind dazu die Voraussetzung. Eine kritische Reflektion der eigenen Arbeit und Offenheit f\u00fcr konstruktives Feedback bewirken, dass wir in Bewegung bleiben und uns neuen Herausforderungen stellen k\u00f6nnen.<\/p>\n<\/div><\/div><\/div><\/div><\/div>","protected":false},"excerpt":{"rendered":"<p>Die Neumayerschule -Schule mit dem F\u00f6rderschwerpunkt Sprache- ist eine \u00f6ffentliche Schule des Landes Rheinland-Pfalz. Schultr\u00e4ger ist die Stadt Frankenthal.Im Schulalltag arbeiten verschiedene Fachkr\u00e4fte (F\u00f6rderschullehrerInnen und P\u00e4dagogische Fachkr\u00e4fte) miteinander. Aufgabe und Ziel der Schule mit dem F\u00f6rderschwerpunkt Sprache ist die sonderp\u00e4dagogische F\u00f6rderung. Sie umfasstdiagnosegeleitete (Sprach-) F\u00f6rderung,sprachf\u00f6rdernden Unterricht unter sonderp\u00e4dagogischen Gesichtspunkten,R\u00fcckbegleitung.Der Unterricht basiert auf den Rahmenpl\u00e4nen der &hellip;<\/p>\n","protected":false},"author":1,"featured_media":0,"parent":0,"menu_order":0,"comment_status":"closed","ping_status":"closed","template":"","meta":{"footnotes":""},"class_list":["post-2261","page","type-page","status-publish","hentry"],"_links":{"self":[{"href":"https:\/\/www.neumayerschule.de\/index.php?rest_route=\/wp\/v2\/pages\/2261","targetHints":{"allow":["GET"]}}],"collection":[{"href":"https:\/\/www.neumayerschule.de\/index.php?rest_route=\/wp\/v2\/pages"}],"about":[{"href":"https:\/\/www.neumayerschule.de\/index.php?rest_route=\/wp\/v2\/types\/page"}],"author":[{"embeddable":true,"href":"https:\/\/www.neumayerschule.de\/index.php?rest_route=\/wp\/v2\/users\/1"}],"replies":[{"embeddable":true,"href":"https:\/\/www.neumayerschule.de\/index.php?rest_route=%2Fwp%2Fv2%2Fcomments&post=2261"}],"version-history":[{"count":0,"href":"https:\/\/www.neumayerschule.de\/index.php?rest_route=\/wp\/v2\/pages\/2261\/revisions"}],"wp:attachment":[{"href":"https:\/\/www.neumayerschule.de\/index.php?rest_route=%2Fwp%2Fv2%2Fmedia&parent=2261"}],"curies":[{"name":"wp","href":"https:\/\/api.w.org\/{rel}","templated":true}]}}