{"id":2271,"date":"2015-05-12T12:49:40","date_gmt":"2015-05-12T10:49:40","guid":{"rendered":"http:\/\/www.neumayerschule.de\/?page_id=2271"},"modified":"2025-08-17T13:22:13","modified_gmt":"2025-08-17T11:22:13","slug":"unsere-schule","status":"publish","type":"page","link":"https:\/\/www.neumayerschule.de\/?page_id=2271","title":{"rendered":"Unsere Schule"},"content":{"rendered":"<div id=\"pl-2271\"  class=\"panel-layout\" ><div id=\"pg-2271-0\"  class=\"panel-grid panel-no-style\" ><div id=\"pgc-2271-0-0\"  class=\"panel-grid-cell\" ><div id=\"panel-2271-0-0-0\" class=\"so-panel widget widget_black-studio-tinymce widget_black_studio_tinymce panel-first-child panel-last-child\" data-index=\"0\" ><h3 class=\"widget-title\">Unsere Schule<\/h3><div class=\"textwidget\"><p>Wir sind eine Schule f\u00fcr Kinder mit besonderem F\u00f6rderbedarf im Bereich der Sprache (F\u00f6rderschule) in den Klassen 1 und 2. Danach erfolgt die R\u00fcckschulung in die wohnortnahe Grundschule. Grundlage des Unterrichts sind die Rahmenpl\u00e4ne der Grundschule f\u00fcr die verschiedenen Unterrichtsf\u00e4cher.<br \/>\nF\u00fcr Kinder, bei denen nach der R\u00fcckschulung an die Grundschule noch sprachsonderp\u00e4dagogischer F\u00f6rderbedarf besteht, gibt es Einzelfallentscheidungen. In einzelnen F\u00e4llen kann die Schulbeh\u00f6rde in Neustadt hier einer vor\u00fcbergehenden Weiterf\u00fchrung der Sprachf\u00f6rderung an der Grundschule durch Lehrkr\u00e4fte der Schule mit dem F\u00f6rderschwerpunkt Sprache zustimmen.<\/p>\n<p><strong>Ihr Ansprechpartner:<\/strong><br \/>\nSusanne Kuppetz (Schulleitung)<br \/>\nTel.: 06233\/ 2 10 70<\/p>\n<\/div><\/div><\/div><\/div><\/div>","protected":false},"excerpt":{"rendered":"<p>Wir sind eine Schule f\u00fcr Kinder mit besonderem F\u00f6rderbedarf im Bereich der Sprache (F\u00f6rderschule) in den Klassen 1 und 2. Danach erfolgt die R\u00fcckschulung in die wohnortnahe Grundschule. Grundlage des Unterrichts sind die Rahmenpl\u00e4ne der Grundschule f\u00fcr die verschiedenen Unterrichtsf\u00e4cher. F\u00fcr Kinder, bei denen nach der R\u00fcckschulung an die Grundschule noch sprachsonderp\u00e4dagogischer F\u00f6rderbedarf besteht, gibt &hellip;<\/p>\n","protected":false},"author":1,"featured_media":0,"parent":0,"menu_order":0,"comment_status":"closed","ping_status":"closed","template":"","meta":{"footnotes":""},"class_list":["post-2271","page","type-page","status-publish","hentry"],"_links":{"self":[{"href":"https:\/\/www.neumayerschule.de\/index.php?rest_route=\/wp\/v2\/pages\/2271","targetHints":{"allow":["GET"]}}],"collection":[{"href":"https:\/\/www.neumayerschule.de\/index.php?rest_route=\/wp\/v2\/pages"}],"about":[{"href":"https:\/\/www.neumayerschule.de\/index.php?rest_route=\/wp\/v2\/types\/page"}],"author":[{"embeddable":true,"href":"https:\/\/www.neumayerschule.de\/index.php?rest_route=\/wp\/v2\/users\/1"}],"replies":[{"embeddable":true,"href":"https:\/\/www.neumayerschule.de\/index.php?rest_route=%2Fwp%2Fv2%2Fcomments&post=2271"}],"version-history":[{"count":2,"href":"https:\/\/www.neumayerschule.de\/index.php?rest_route=\/wp\/v2\/pages\/2271\/revisions"}],"predecessor-version":[{"id":6678,"href":"https:\/\/www.neumayerschule.de\/index.php?rest_route=\/wp\/v2\/pages\/2271\/revisions\/6678"}],"wp:attachment":[{"href":"https:\/\/www.neumayerschule.de\/index.php?rest_route=%2Fwp%2Fv2%2Fmedia&parent=2271"}],"curies":[{"name":"wp","href":"https:\/\/api.w.org\/{rel}","templated":true}]}}