{"id":2281,"date":"2015-05-12T13:06:40","date_gmt":"2015-05-12T11:06:40","guid":{"rendered":"http:\/\/www.neumayerschule.de\/?page_id=2281"},"modified":"2024-09-25T09:50:28","modified_gmt":"2024-09-25T07:50:28","slug":"unterrichtszeiten","status":"publish","type":"page","link":"https:\/\/www.neumayerschule.de\/?page_id=2281","title":{"rendered":"Unterrichtszeiten"},"content":{"rendered":"<div id=\"pl-2281\"  class=\"panel-layout\" ><div id=\"pg-2281-0\"  class=\"panel-grid panel-no-style\" ><div id=\"pgc-2281-0-0\"  class=\"panel-grid-cell\" ><div id=\"panel-2281-0-0-0\" class=\"so-panel widget widget_black-studio-tinymce widget_black_studio_tinymce panel-first-child panel-last-child\" data-index=\"0\" ><h3 class=\"widget-title\">Unterrichtszeiten<\/h3><div class=\"textwidget\"><p>Die Neumayerschule ist eine F\u00f6rderschule in Ganztagesform, in der die Sch\u00fcler w\u00f6chentlich 33 Unterrichtsstunden erhalten.<\/p>\n<h3><span style=\"text-decoration: underline;\">Unterrichtszeiten und Pausenzeiten an der Neumayerschule:<\/span><\/h3>\n<p>Unterrichtszeiten: Montag bis Donnerstag 8.00 Uhr bis 15.10 Uhr und Freitag 8.00 Uhr bis 12.25 Uhr.<br \/>\nPausenzeiten: 1. Pause 09.30 bis 09.50, 2. Pause 11.20 bis 11.40 und Mittagspause 13.10 bis 13.40. Die Sch\u00fcler nehmen das Mittagessen in der Schule ein.<\/p>\n<h3><span style=\"text-decoration: underline;\">Unterrichtszeiten und Pausenzeiten am PIH:<\/span><\/h3>\n<p>Unterrichtszeiten: Montag bis Donnerstag 8.00 Uhr bis 15.10 Uhr und Freitag 8.00 Uhr bis 12.25 Uhr.<br \/>\nPausenzeiten: 1. Pause 09.30 bis 10.00, Mittagspause 12.15 bis 12.45. Die Sch\u00fcler nehmen das Mittagessen in der Schule ein (12.30 bis 13.00)<\/p>\n<\/div><\/div><\/div><\/div><\/div>","protected":false},"excerpt":{"rendered":"<p>Die Neumayerschule ist eine F\u00f6rderschule in Ganztagesform, in der die Sch\u00fcler w\u00f6chentlich 33 Unterrichtsstunden erhalten. Unterrichtszeiten und Pausenzeiten an der Neumayerschule: Unterrichtszeiten: Montag bis Donnerstag 8.00 Uhr bis 15.10 Uhr und Freitag 8.00 Uhr bis 12.25 Uhr. Pausenzeiten: 1. Pause 09.30 bis 09.50, 2. Pause 11.20 bis 11.40 und Mittagspause 13.10 bis 13.40. Die Sch\u00fcler &hellip;<\/p>\n","protected":false},"author":1,"featured_media":0,"parent":0,"menu_order":0,"comment_status":"closed","ping_status":"closed","template":"","meta":{"footnotes":""},"class_list":["post-2281","page","type-page","status-publish","hentry"],"_links":{"self":[{"href":"https:\/\/www.neumayerschule.de\/index.php?rest_route=\/wp\/v2\/pages\/2281","targetHints":{"allow":["GET"]}}],"collection":[{"href":"https:\/\/www.neumayerschule.de\/index.php?rest_route=\/wp\/v2\/pages"}],"about":[{"href":"https:\/\/www.neumayerschule.de\/index.php?rest_route=\/wp\/v2\/types\/page"}],"author":[{"embeddable":true,"href":"https:\/\/www.neumayerschule.de\/index.php?rest_route=\/wp\/v2\/users\/1"}],"replies":[{"embeddable":true,"href":"https:\/\/www.neumayerschule.de\/index.php?rest_route=%2Fwp%2Fv2%2Fcomments&post=2281"}],"version-history":[{"count":1,"href":"https:\/\/www.neumayerschule.de\/index.php?rest_route=\/wp\/v2\/pages\/2281\/revisions"}],"predecessor-version":[{"id":6209,"href":"https:\/\/www.neumayerschule.de\/index.php?rest_route=\/wp\/v2\/pages\/2281\/revisions\/6209"}],"wp:attachment":[{"href":"https:\/\/www.neumayerschule.de\/index.php?rest_route=%2Fwp%2Fv2%2Fmedia&parent=2281"}],"curies":[{"name":"wp","href":"https:\/\/api.w.org\/{rel}","templated":true}]}}