{"id":2284,"date":"2015-05-12T13:10:10","date_gmt":"2015-05-12T11:10:10","guid":{"rendered":"http:\/\/www.neumayerschule.de\/?page_id=2284"},"modified":"2025-08-22T17:30:36","modified_gmt":"2025-08-22T15:30:36","slug":"lehrkraefte","status":"publish","type":"page","link":"https:\/\/www.neumayerschule.de\/?page_id=2284","title":{"rendered":"Lehrkr\u00e4fte"},"content":{"rendered":"<div id=\"pl-2284\"  class=\"panel-layout\" ><div id=\"pg-2284-0\"  class=\"panel-grid panel-no-style\" ><div id=\"pgc-2284-0-0\"  class=\"panel-grid-cell\" ><div id=\"panel-2284-0-0-0\" class=\"so-panel widget widget_black-studio-tinymce widget_black_studio_tinymce panel-first-child panel-last-child\" data-index=\"0\" ><div class=\"textwidget\"><p>Der Unterricht wird gemeinsam von F\u00f6rderschullehrerinnen\/ F\u00f6rderschullehrern und P\u00e4dagogischen Fachkr\u00e4ften erteilt. Dies erm\u00f6glicht bei Bedarf auch eine Einzel- und Kleingruppenf\u00f6rderung.<\/p>\n<p>&nbsp;<\/p>\n<\/div><\/div><\/div><\/div><div id=\"pg-2284-1\"  class=\"panel-grid panel-no-style\" ><div id=\"pgc-2284-1-0\"  class=\"panel-grid-cell\" ><div id=\"panel-2284-1-0-0\" class=\"so-panel widget widget_black-studio-tinymce widget_black_studio_tinymce panel-first-child\" data-index=\"1\" ><h3 class=\"widget-title\">Klassenteams<\/h3><div class=\"textwidget\"><p>1a\u00a0 \u00a0 \u00a0Frau Gurlin \/ Frau Pfaff<\/p>\n<p>1b\u00a0 \u00a0 \u00a0Frau Rischar \/ Frau Wetzel \/ Frau Karth<\/p>\n<p>1c\u00a0 \u00a0\u00a0 Frau Mattheis \/ Frau Trunk Scheib<\/p>\n<p>1d\u00a0 \u00a0 \u00a0Frau Weigel-Zibuschka \/ Frau Piringer-M\u00fcller \/ Frau Valceschini<\/p>\n<p>1e\u00a0 \u00a0 \u00a0Frau Tigiser \/ Frau Njammasch<\/p>\n<p>1f\u00a0 \u00a0 \u00a0 Frau Fischer \/ Frau Geloso<\/p>\n<p>1g\u00a0 \u00a0 \u00a0Frau Hoffmann \/ Frau Weber \/ Frau Kiefer<\/p>\n<p>1h\u00a0 \u00a0 Frau Schulze \/ Frau Walczuch \/ Frau Wusk \/ Frau Braun<\/p>\n<p>2a\u00a0 \u00a0 \u00a0Frau Neumann \/ Frau Rentz-Nouisser<\/p>\n<p>2b\u00a0 \u00a0 \u00a0Frau Moos \/ Frau H\u00e4mmerling \/ Frau Balogh<\/p>\n<p>2c\u00a0 \u00a0 \u00a0Frau Hees \/ Frau Dittrich-Nagel<\/p>\n<p>2d\u00a0 \u00a0\u00a0 Frau Krau\u00df \/ Frau Gr\u00e4f \/ Frau Stumpf-Mossbacher<\/p>\n<p>2e\u00a0 \u00a0 \u00a0Frau Bergmann \/ Frau Holzmann<\/p>\n<p>2f\u00a0 \u00a0 \u00a0 Frau Peikert \/ Frau Neumann \/ Frau Magin<\/p>\n<p>2g\u00a0 \u00a0 \u00a0Frau Schreiber \/ Frau Kempf \/ Frau Noetzel<\/p>\n<p>2h\u00a0 \u00a0 \u00a0Herr Marx \/ Frau Kempf \/ Frau Nitsche<\/p>\n<p>2i\u00a0 \u00a0 \u00a0 Frau Koch \/ Frau Frantz<\/p>\n<\/div><\/div><div id=\"panel-2284-1-0-1\" class=\"so-panel widget widget_black-studio-tinymce widget_black_studio_tinymce\" data-index=\"2\" ><h3 class=\"widget-title\">Lehrer\/innen in der R\u00fcckbegleitung <\/h3><div class=\"textwidget\"><p>Frau Walczuch, Frau Schreiber, Frau G\u00f6bel, Frau Tavernier, Frau Kr\u00e4mer, Frau Piringer-M\u00fcller<\/p>\n<\/div><\/div><div id=\"panel-2284-1-0-2\" class=\"so-panel widget widget_black-studio-tinymce widget_black_studio_tinymce\" data-index=\"3\" ><h3 class=\"widget-title\">Referendare<\/h3><div class=\"textwidget\"><p>Frau Gerum 2f<\/p>\n<p>Frau Fr\u00f6mbling 1c<\/p>\n<p>Frau Kopnarski 1e<\/p>\n<p>&nbsp;<\/p>\n<\/div><\/div><div id=\"panel-2284-1-0-3\" class=\"so-panel widget widget_black-studio-tinymce widget_black_studio_tinymce panel-last-child\" data-index=\"4\" ><h3 class=\"widget-title\">Praktikantin<\/h3><div class=\"textwidget\"><p>Frau Karth (Anerkennungspraktikantin)<\/p>\n<\/div><\/div><\/div><\/div><\/div>","protected":false},"excerpt":{"rendered":"<p>Der Unterricht wird gemeinsam von F\u00f6rderschullehrerinnen\/ F\u00f6rderschullehrern und P\u00e4dagogischen Fachkr\u00e4ften erteilt. Dies erm\u00f6glicht bei Bedarf auch eine Einzel- und Kleingruppenf\u00f6rderung. &nbsp; 1a\u00a0 \u00a0 \u00a0Frau Gurlin \/ Frau Pfaff 1b\u00a0 \u00a0 \u00a0Frau Rischar \/ Frau Wetzel \/ Frau Karth 1c\u00a0 \u00a0\u00a0 Frau Mattheis \/ Frau Trunk Scheib 1d\u00a0 \u00a0 \u00a0Frau Weigel-Zibuschka \/ Frau Piringer-M\u00fcller \/ Frau &hellip;<\/p>\n","protected":false},"author":1,"featured_media":0,"parent":0,"menu_order":0,"comment_status":"closed","ping_status":"closed","template":"","meta":{"footnotes":""},"class_list":["post-2284","page","type-page","status-publish","hentry"],"_links":{"self":[{"href":"https:\/\/www.neumayerschule.de\/index.php?rest_route=\/wp\/v2\/pages\/2284","targetHints":{"allow":["GET"]}}],"collection":[{"href":"https:\/\/www.neumayerschule.de\/index.php?rest_route=\/wp\/v2\/pages"}],"about":[{"href":"https:\/\/www.neumayerschule.de\/index.php?rest_route=\/wp\/v2\/types\/page"}],"author":[{"embeddable":true,"href":"https:\/\/www.neumayerschule.de\/index.php?rest_route=\/wp\/v2\/users\/1"}],"replies":[{"embeddable":true,"href":"https:\/\/www.neumayerschule.de\/index.php?rest_route=%2Fwp%2Fv2%2Fcomments&post=2284"}],"version-history":[{"count":7,"href":"https:\/\/www.neumayerschule.de\/index.php?rest_route=\/wp\/v2\/pages\/2284\/revisions"}],"predecessor-version":[{"id":6731,"href":"https:\/\/www.neumayerschule.de\/index.php?rest_route=\/wp\/v2\/pages\/2284\/revisions\/6731"}],"wp:attachment":[{"href":"https:\/\/www.neumayerschule.de\/index.php?rest_route=%2Fwp%2Fv2%2Fmedia&parent=2284"}],"curies":[{"name":"wp","href":"https:\/\/api.w.org\/{rel}","templated":true}]}}