{"id":2287,"date":"2015-05-12T13:11:28","date_gmt":"2015-05-12T11:11:28","guid":{"rendered":"http:\/\/www.neumayerschule.de\/?page_id=2287"},"modified":"2016-01-28T07:18:01","modified_gmt":"2016-01-28T06:18:01","slug":"einzugsbereiche","status":"publish","type":"page","link":"https:\/\/www.neumayerschule.de\/?page_id=2287","title":{"rendered":"Einzugsbereiche"},"content":{"rendered":"<div id=\"pl-2287\"  class=\"panel-layout\" ><div id=\"pg-2287-0\"  class=\"panel-grid panel-no-style\" ><div id=\"pgc-2287-0-0\"  class=\"panel-grid-cell\" ><div id=\"panel-2287-0-0-0\" class=\"so-panel widget widget_black-studio-tinymce widget_black_studio_tinymce panel-first-child panel-last-child\" data-index=\"0\" ><h3 class=\"widget-title\">Einzugsbereiche<\/h3><div class=\"textwidget\"><p>Die Kinder kommen mit Kleinbussen aus den St\u00e4dten Speyer, Schifferstadt, Ludwigshafen, Frankenthal, Gr\u00fcnstadt und Worms sowie aus dem gesamten Rhein-Pfalz-Kreis und Teilen des Landkreises Bad D\u00fcrkheim.<\/p>\n<p>\u00a0<\/p>\n<\/div><\/div><\/div><\/div><\/div>","protected":false},"excerpt":{"rendered":"<p>Die Kinder kommen mit Kleinbussen aus den St\u00e4dten Speyer, Schifferstadt, Ludwigshafen, Frankenthal, Gr\u00fcnstadt und Worms sowie aus dem gesamten Rhein-Pfalz-Kreis und Teilen des Landkreises Bad D\u00fcrkheim.\u00a0<\/p>\n","protected":false},"author":1,"featured_media":0,"parent":0,"menu_order":0,"comment_status":"closed","ping_status":"closed","template":"","meta":{"footnotes":""},"class_list":["post-2287","page","type-page","status-publish","hentry"],"_links":{"self":[{"href":"https:\/\/www.neumayerschule.de\/index.php?rest_route=\/wp\/v2\/pages\/2287","targetHints":{"allow":["GET"]}}],"collection":[{"href":"https:\/\/www.neumayerschule.de\/index.php?rest_route=\/wp\/v2\/pages"}],"about":[{"href":"https:\/\/www.neumayerschule.de\/index.php?rest_route=\/wp\/v2\/types\/page"}],"author":[{"embeddable":true,"href":"https:\/\/www.neumayerschule.de\/index.php?rest_route=\/wp\/v2\/users\/1"}],"replies":[{"embeddable":true,"href":"https:\/\/www.neumayerschule.de\/index.php?rest_route=%2Fwp%2Fv2%2Fcomments&post=2287"}],"version-history":[{"count":0,"href":"https:\/\/www.neumayerschule.de\/index.php?rest_route=\/wp\/v2\/pages\/2287\/revisions"}],"wp:attachment":[{"href":"https:\/\/www.neumayerschule.de\/index.php?rest_route=%2Fwp%2Fv2%2Fmedia&parent=2287"}],"curies":[{"name":"wp","href":"https:\/\/api.w.org\/{rel}","templated":true}]}}