{"id":2291,"date":"2015-05-12T13:12:43","date_gmt":"2015-05-12T11:12:43","guid":{"rendered":"http:\/\/www.neumayerschule.de\/?page_id=2291"},"modified":"2026-03-02T18:56:14","modified_gmt":"2026-03-02T17:56:14","slug":"mittagessen","status":"publish","type":"page","link":"https:\/\/www.neumayerschule.de\/?page_id=2291","title":{"rendered":"Mittagessen"},"content":{"rendered":"<div id=\"pl-2291\"  class=\"panel-layout\" ><div id=\"pg-2291-0\"  class=\"panel-grid panel-no-style\" ><div id=\"pgc-2291-0-0\"  class=\"panel-grid-cell\" ><div id=\"panel-2291-0-0-0\" class=\"so-panel widget widget_black-studio-tinymce widget_black_studio_tinymce panel-first-child panel-last-child\" data-index=\"0\" ><h3 class=\"widget-title\">Mittagessen<\/h3><div class=\"textwidget\"><p><strong>Mittagessen an der Schule mit dem F\u00f6rderschwerpunkt Sprache<\/strong><\/p>\n<p>Von Montag bis Donnerstag nehmen die Kinder t\u00e4glich ein warmes Essen an der Schule ein.<\/p>\n<p>Dabei werden die besonderen Bed\u00fcrfnisse von Kindern muslimischen Glaubens ber\u00fccksichtigt.<\/p>\n<p>Das Essen an der Neumayerschule wird t\u00e4glich von der Firma BVS Catering GmbH geliefert.<\/p>\n<p>Am PIH wird das Essen von den K\u00f6chinnen und K\u00f6chen des Pfalzinstituts f\u00fcr H\u00f6ren und Kommunikation zubereitet.<\/p>\n<p>Das gemeinsame Mittagessen findet jeweis in den Mensen statt. Die Sch\u00fcler und Sch\u00fclerinnen werden dabei von der p\u00e4dagogischen Fachkraft ihres Klassenteams betreut. Die Kinder einer Klasse sitzen zusammen an einem Tisch. Dies ist uns ein wichtiges Anliegen, weil es zu einer famili\u00e4ren Atmosph\u00e4re beim Essen beitr\u00e4gt.<\/p>\n<p>Das gemeinsame Essen ist f\u00fcr uns ein grundlegender Bestandteil unserer Erziehungsarbeit im Rahmen des sozialen Lernens an der Schule.<\/p>\n<p>Die Kosten f\u00fcr das Mittagessen werden von der Stadt Frankenthal in Rechnung gestellt, die mit den Eltern einen Vertrag abschlie\u00dft. Die Kosten belaufen sich monatlich auf 54 \u20ac, erm\u00e4\u00dfigt auf 11 \u20ac (Erm\u00e4\u00dfigung ist nur durch das Formular \"Sozialfond\" m\u00f6glich).<\/p>\n<\/div><\/div><\/div><\/div><\/div>","protected":false},"excerpt":{"rendered":"<p>Mittagessen an der Schule mit dem F\u00f6rderschwerpunkt Sprache Von Montag bis Donnerstag nehmen die Kinder t\u00e4glich ein warmes Essen an der Schule ein. Dabei werden die besonderen Bed\u00fcrfnisse von Kindern muslimischen Glaubens ber\u00fccksichtigt. Das Essen an der Neumayerschule wird t\u00e4glich von der Firma BVS Catering GmbH geliefert. Am PIH wird das Essen von den K\u00f6chinnen &hellip;<\/p>\n","protected":false},"author":1,"featured_media":0,"parent":0,"menu_order":0,"comment_status":"closed","ping_status":"closed","template":"","meta":{"footnotes":""},"class_list":["post-2291","page","type-page","status-publish","hentry"],"_links":{"self":[{"href":"https:\/\/www.neumayerschule.de\/index.php?rest_route=\/wp\/v2\/pages\/2291","targetHints":{"allow":["GET"]}}],"collection":[{"href":"https:\/\/www.neumayerschule.de\/index.php?rest_route=\/wp\/v2\/pages"}],"about":[{"href":"https:\/\/www.neumayerschule.de\/index.php?rest_route=\/wp\/v2\/types\/page"}],"author":[{"embeddable":true,"href":"https:\/\/www.neumayerschule.de\/index.php?rest_route=\/wp\/v2\/users\/1"}],"replies":[{"embeddable":true,"href":"https:\/\/www.neumayerschule.de\/index.php?rest_route=%2Fwp%2Fv2%2Fcomments&post=2291"}],"version-history":[{"count":2,"href":"https:\/\/www.neumayerschule.de\/index.php?rest_route=\/wp\/v2\/pages\/2291\/revisions"}],"predecessor-version":[{"id":6877,"href":"https:\/\/www.neumayerschule.de\/index.php?rest_route=\/wp\/v2\/pages\/2291\/revisions\/6877"}],"wp:attachment":[{"href":"https:\/\/www.neumayerschule.de\/index.php?rest_route=%2Fwp%2Fv2%2Fmedia&parent=2291"}],"curies":[{"name":"wp","href":"https:\/\/api.w.org\/{rel}","templated":true}]}}