{"id":2305,"date":"2015-05-13T11:52:35","date_gmt":"2015-05-13T09:52:35","guid":{"rendered":"http:\/\/www.neumayerschule.de\/?page_id=2305"},"modified":"2016-01-28T07:21:14","modified_gmt":"2016-01-28T06:21:14","slug":"sprachfoerderung","status":"publish","type":"page","link":"https:\/\/www.neumayerschule.de\/?page_id=2305","title":{"rendered":"Sprachf\u00f6rderung"},"content":{"rendered":"<div id=\"pl-2305\"  class=\"panel-layout\" ><div id=\"pg-2305-0\"  class=\"panel-grid panel-no-style\" ><div id=\"pgc-2305-0-0\"  class=\"panel-grid-cell\" ><div id=\"panel-2305-0-0-0\" class=\"so-panel widget widget_black-studio-tinymce widget_black_studio_tinymce panel-first-child panel-last-child\" data-index=\"0\" ><h3 class=\"widget-title\">Sprachf\u00f6rderung<\/h3><div class=\"textwidget\"><p>Sprachtherapie findet klassenintegriert sowie einzeln oder in Kleingruppen parallel zum Unterricht im Rahmen von Differenzierungsma\u00dfnahmen statt. <br \/>Eine regelm\u00e4\u00dfige sprachtherapeutische Einzel- und Kleingruppenf\u00f6rderung ist ein unverzichtbarer Bestandteil unserer Arbeit mit sprachbeeintr\u00e4chtigten Kindern, der fest und sichtbar im Stundenplan verankert ist.<br \/>Die Sprachtherapie orientiert sich am F\u00f6rderbedarf des Kindes und basiert auf einer differenzierten Ist-Stand-Analyse bezogen auf die 4 Sprachebenen (siehe Leitbild)<br \/>Die festgelegten F\u00f6rderziele werden immer wieder reflektiert und aktualisiert.<\/p>\n<\/div><\/div><\/div><\/div><\/div>","protected":false},"excerpt":{"rendered":"<p>Sprachtherapie findet klassenintegriert sowie einzeln oder in Kleingruppen parallel zum Unterricht im Rahmen von Differenzierungsma\u00dfnahmen statt. Eine regelm\u00e4\u00dfige sprachtherapeutische Einzel- und Kleingruppenf\u00f6rderung ist ein unverzichtbarer Bestandteil unserer Arbeit mit sprachbeeintr\u00e4chtigten Kindern, der fest und sichtbar im Stundenplan verankert ist.Die Sprachtherapie orientiert sich am F\u00f6rderbedarf des Kindes und basiert auf einer differenzierten Ist-Stand-Analyse bezogen auf die &hellip;<\/p>\n","protected":false},"author":1,"featured_media":0,"parent":0,"menu_order":0,"comment_status":"closed","ping_status":"closed","template":"","meta":{"footnotes":""},"class_list":["post-2305","page","type-page","status-publish","hentry"],"_links":{"self":[{"href":"https:\/\/www.neumayerschule.de\/index.php?rest_route=\/wp\/v2\/pages\/2305","targetHints":{"allow":["GET"]}}],"collection":[{"href":"https:\/\/www.neumayerschule.de\/index.php?rest_route=\/wp\/v2\/pages"}],"about":[{"href":"https:\/\/www.neumayerschule.de\/index.php?rest_route=\/wp\/v2\/types\/page"}],"author":[{"embeddable":true,"href":"https:\/\/www.neumayerschule.de\/index.php?rest_route=\/wp\/v2\/users\/1"}],"replies":[{"embeddable":true,"href":"https:\/\/www.neumayerschule.de\/index.php?rest_route=%2Fwp%2Fv2%2Fcomments&post=2305"}],"version-history":[{"count":0,"href":"https:\/\/www.neumayerschule.de\/index.php?rest_route=\/wp\/v2\/pages\/2305\/revisions"}],"wp:attachment":[{"href":"https:\/\/www.neumayerschule.de\/index.php?rest_route=%2Fwp%2Fv2%2Fmedia&parent=2305"}],"curies":[{"name":"wp","href":"https:\/\/api.w.org\/{rel}","templated":true}]}}