{"id":2311,"date":"2015-05-13T11:56:57","date_gmt":"2015-05-13T09:56:57","guid":{"rendered":"http:\/\/www.neumayerschule.de\/?page_id=2311"},"modified":"2018-08-06T20:56:33","modified_gmt":"2018-08-06T18:56:33","slug":"zusammenarbeit-mit-den-eltern","status":"publish","type":"page","link":"https:\/\/www.neumayerschule.de\/?page_id=2311","title":{"rendered":"Zusammenarbeit mit den Eltern"},"content":{"rendered":"<div id=\"pl-2311\"  class=\"panel-layout\" ><div id=\"pg-2311-0\"  class=\"panel-grid panel-no-style\" ><div id=\"pgc-2311-0-0\"  class=\"panel-grid-cell\" ><div id=\"panel-2311-0-0-0\" class=\"so-panel widget widget_black-studio-tinymce widget_black_studio_tinymce panel-first-child panel-last-child\" data-index=\"0\" ><h3 class=\"widget-title\">Zusammenarbeit mit den Eltern<\/h3><div class=\"textwidget\"><p><strong>Elternarbeit<\/strong><\/p>\n<p>Die Elternarbeit ist ein wichtiger Bestandteil der Arbeit an unserer Schule. Lehrer und Eltern stehen <em>gemeinsam <\/em>in der Erziehungsverantwortung und haben das Wohl des Kindes als <em>gemeinsames <\/em>Ziel. Um die bestm\u00f6gliche F\u00f6rderung unserer sprachbeeintr\u00e4chtigten Kinder gew\u00e4hrleisten zu k\u00f6nnen, ist uns die kontinuierliche Zusammenarbeit zwischen Elternhaus und Schule ein wichtiges Anliegen. Diese realisieren wir durch regelm\u00e4\u00dfigen Austausch \u00fcber ein Mitteilungsheft, pers\u00f6nliche Gespr\u00e4che, Elternabende, Feste und Feiern.<\/p>\n<p><strong>Einschulungsfeier<\/strong><\/p>\n<p>Bei der Einschulungsfeier stellt sich die Schulgemeinschaft den neuen Eltern und Sch\u00fclern vor. Sie wird von den bereits eingeschulten Kindern und deren Eltern zusammen mit den Lehrern organisiert und gestaltet.<\/p>\n<p><strong>Elternabende<\/strong><\/p>\n<p>Innerhalb der ersten vier Schulwochen findet der erste Elternabend statt. Hier werden die Elternsprecher der Klasse und alle zwei Jahre die Schulelternsprecher gew\u00e4hlt. Au\u00dferdem werden wichtige allgemeine Informationen zum Schriftspracherwerb, zur Sprachf\u00f6rderung, zu F\u00f6rderpl\u00e4nen und anderen Themen gegeben. Auch k\u00f6nnen weitere allgemeine Fragen mit den Eltern besprochen werden. Weitere Elternabende finden je nach Bedarf der Klasse z.B. zum Thema Schullandheimaufenthalt oder anderen Themen statt.<\/p>\n<p><strong>Vereinbarung zwischen Eltern und Schule<\/strong><\/p>\n<p>Schule und Eltern stehen in der gemeinsamen Erziehungsverantwortung und werden somit zu Partnern im Hinblick auf die schulische, sprachliche und pers\u00f6nliche Entwicklung des Kindes. Deshalb regelt eine von Eltern der SFS miterarbeitete Vereinbarung zwischen Eltern und Schule das gemeinsame Erziehungshandeln. Diese Vereinbarung wird von der Schule und den Eltern unterschrieben.<\/p>\n<p><strong>Elternvertretung<\/strong><\/p>\n<p>Die Elternvertretung ist auf Klassenebene und auf Schulebene organisiert:<\/p>\n<p>Klassenebene<\/p>\n<p>Die Klassenelternversammlung besteht aus den Eltern einer jeweiligen Klasse. Sie hat die Aufgabe der beratenden und unterst\u00fctzenden Zusammenarbeit mit den Klassen- und Fachlehreinnen einer Klasse. Im Vordergrund stehen Erziehungsfragen und klassenbezogene Themen. Die Klassenelternversammlung w\u00e4hlt ca. 4 Wochen nach Unterrichtsbeginn einen Klassenelternsprecher und einen Stellvertreter.\u00a0 Die Amtszeit betr\u00e4gt zwei Jahre.<\/p>\n<p>Schulebene<\/p>\n<p>Der Schulelternbeirat vertritt die Eltern gegen\u00fcber der Schule, der Schulaufsicht, dem Schultr\u00e4ger und der \u00d6ffentlichkeit. Der Schulelternbeirat\u00a0 soll die Erziehungs- und Unterrichtsarbeit der Schule f\u00f6rdern und mitgestalten. Er wird aus der Mitte der Wahlberechtigten (jedes sorgeberechtigte Elternteil) gew\u00e4hlt. Er besteht an unserer Schule aus 3 Mitgliedern. Der Schulelternbeirat w\u00e4hlt den Schulelternsprecher und den Stellvertreter f\u00fcr zwei Jahre.<\/p>\n<p><strong>F\u00f6rderplangespr\u00e4che<\/strong><\/p>\n<p>Mindestens zweimal pro Schuljahr f\u00fchrt der Klassenlehrer mit den Eltern Gespr\u00e4che \u00fcber den Sprach- und Lernstand des Kindes auf der Grundlage eines erstellten F\u00f6rderplans. Diesen unterschreiben die Eltern und bekommen eine Kopie ausgeh\u00e4ndigt.<\/p>\n<p><strong>Schulsamstage<\/strong><\/p>\n<p>Zweimal im Schuljahr findet an einem Samstag Unterricht statt. Dieser wird klassen- oder schulintern gestaltet und dient der Pr\u00e4sentation von Projekten der Klasse oder der ganzen Schule.<\/p>\n<p><strong>Schulgottesdienste<\/strong><\/p>\n<p>Beim allj\u00e4hrlichen Schulgottesdienst in einer Kirche in Frankenthal sind die Eltern herzlich zur Teilnahme eingeladen. Die Einladung hierzu erhalten die Eltern schriftlich.<\/p>\n<p><strong>Teilnahme am Unterricht<\/strong><\/p>\n<p>In Absprache mit dem Klassenlehrer ist f\u00fcr die Eltern jederzeit eine Teilnahme bzw. \u00a0eine Hospitation am Unterricht m\u00f6glich.<\/p>\n<\/div><\/div><\/div><\/div><\/div>","protected":false},"excerpt":{"rendered":"<p>Elternarbeit Die Elternarbeit ist ein wichtiger Bestandteil der Arbeit an unserer Schule. Lehrer und Eltern stehen gemeinsam in der Erziehungsverantwortung und haben das Wohl des Kindes als gemeinsames Ziel. Um die bestm\u00f6gliche F\u00f6rderung unserer sprachbeeintr\u00e4chtigten Kinder gew\u00e4hrleisten zu k\u00f6nnen, ist uns die kontinuierliche Zusammenarbeit zwischen Elternhaus und Schule ein wichtiges Anliegen. Diese realisieren wir durch &hellip;<\/p>\n","protected":false},"author":1,"featured_media":0,"parent":0,"menu_order":0,"comment_status":"closed","ping_status":"closed","template":"","meta":{"footnotes":""},"class_list":["post-2311","page","type-page","status-publish","hentry"],"_links":{"self":[{"href":"https:\/\/www.neumayerschule.de\/index.php?rest_route=\/wp\/v2\/pages\/2311","targetHints":{"allow":["GET"]}}],"collection":[{"href":"https:\/\/www.neumayerschule.de\/index.php?rest_route=\/wp\/v2\/pages"}],"about":[{"href":"https:\/\/www.neumayerschule.de\/index.php?rest_route=\/wp\/v2\/types\/page"}],"author":[{"embeddable":true,"href":"https:\/\/www.neumayerschule.de\/index.php?rest_route=\/wp\/v2\/users\/1"}],"replies":[{"embeddable":true,"href":"https:\/\/www.neumayerschule.de\/index.php?rest_route=%2Fwp%2Fv2%2Fcomments&post=2311"}],"version-history":[{"count":0,"href":"https:\/\/www.neumayerschule.de\/index.php?rest_route=\/wp\/v2\/pages\/2311\/revisions"}],"wp:attachment":[{"href":"https:\/\/www.neumayerschule.de\/index.php?rest_route=%2Fwp%2Fv2%2Fmedia&parent=2311"}],"curies":[{"name":"wp","href":"https:\/\/api.w.org\/{rel}","templated":true}]}}