{"id":2314,"date":"2015-05-13T12:06:57","date_gmt":"2015-05-13T10:06:57","guid":{"rendered":"http:\/\/www.neumayerschule.de\/?page_id=2314"},"modified":"2025-08-22T17:31:41","modified_gmt":"2025-08-22T15:31:41","slug":"anmeldung","status":"publish","type":"page","link":"https:\/\/www.neumayerschule.de\/?page_id=2314","title":{"rendered":"Anmeldung"},"content":{"rendered":"<div id=\"pl-2314\"  class=\"panel-layout\" ><div id=\"pg-2314-0\"  class=\"panel-grid panel-no-style\" ><div id=\"pgc-2314-0-0\"  class=\"panel-grid-cell\" ><div id=\"panel-2314-0-0-0\" class=\"so-panel widget widget_black-studio-tinymce widget_black_studio_tinymce panel-first-child panel-last-child\" data-index=\"0\" ><h3 class=\"widget-title\">Anmeldung<\/h3><div class=\"textwidget\"><p><strong>Feststellung des besonderen F\u00f6rderbedarfs<\/strong><\/p>\n<p>F\u00fcr alle Kinder, die eingeschult werden, erfolgt die Schulanmeldung an der zust\u00e4ndigen Grundschule.<\/p>\n<p>Die Eltern informieren die Grundschule, wenn ihr Kind sprachliche Auff\u00e4lligkeiten hat und es eine besondere sprachliche F\u00f6rderung ben\u00f6tigt. Zus\u00e4tzlich dazu k\u00f6nnen sich die Eltern auch \u00fcber die Schule mit dem F\u00f6rderschwerpunkt Sprache Frankenthal informieren. Dazu wird es im jeweiligen Schuljahr einen Informationsnachmittag an unserer Schule geben (Termin wird zeitnah auf unserer Homepage unter der Ruprik \"Termine\" und \"Aktuelles\" bekanntgegeben).<\/p>\n<p>Bei vermutetem F\u00f6rderbedarf stellt die Grundschule an die zust\u00e4ndige F\u00f6rderschule einen Antrag zur Feststellung des besonderen F\u00f6rderbedarfs.<br \/>\nDie F\u00f6rderschule pr\u00fcft und bearbeitet den Antrag. F\u00fcr jedes gemeldete Kind erstellt die Schule mit dem F\u00f6rderschwerpunkt Sprache dann ein sonderp\u00e4dagogisches Gutachten.<\/p>\n<p>Nach Fertigstellung wird dieses Gutachten der Schulbeh\u00f6rde in Neustadt (ADD) zugestellt. Diese pr\u00fcft das Gutachten formal und inhaltlich.<br \/>\nDanach wird das Ergebnis des Gutachtens ausf\u00fchrlich mit den Eltern besprochen. Dabei werden der F\u00f6rderbedarf und die M\u00f6glichkeiten der F\u00f6rderung erl\u00e4utert. Die Eltern w\u00e4hlen bei festgestelltem F\u00f6rderbedarf den F\u00f6rderort (F\u00f6rderschule oder Schwerpunktschule).<\/p>\n<p>Die Schule mit dem F\u00f6rderschwerpunkt Sprache informiert die Schulbeh\u00f6rde im Anschluss \u00fcber den von den Eltern gew\u00fcnschten F\u00f6rderort.<br \/>\nLiegt F\u00f6rderbedarf im Schwerpunkt Sprache vor, weist die Schulbeh\u00f6rde das Kind entsprechend dem Willen der Eltern entweder unserer Schule oder einer Schwerpunktschule zu.<\/p>\n<p><strong>M\u00f6glichkeit der Informationsbeschaffung vor dem Antrag auf Gutachtenerstellung<\/strong><\/p>\n<p>Vermuten oder wissen die Eltern, dass bei ihrem Kind eine besondere sprachliche F\u00f6rderung notwendig ist, k\u00f6nnen sie sich gerne \u00fcber unsere Schule und \u00fcber m\u00f6gliche unterst\u00fctzende F\u00f6rderma\u00dfnahmen f\u00fcr ihr Kind informieren. Hierzu findet einmal im Schuljahr ein Informationsnachmittag statt. Hier erl\u00e4utern wir Ihnen unter anderem auch das F\u00f6rderkonzept an unserer Schule.<\/p>\n<p>Diese M\u00f6glichkeit der Information durch die Schule mit dem F\u00f6rderschwerpunkt Sprache Frankenthal wird den Eltern oft auch von einem Fr\u00fchf\u00f6rderzentrum, z.B. dem Kinderzentrum in Ludwigshafen, von der Kindertagesst\u00e4tte, von der Logop\u00e4din\/ dem Logop\u00e4den oder im Rahmen der Schuleinschreibung von der Grundschule oder der Schul\u00e4rztin empfohlen.<\/p>\n<p>Ihre Ansprechpartnerin:<br \/>\nSusanne Kuppetz (Schulleitung)<br \/>\nTel.: 06233\/ 2 10 70<\/p>\n<\/div><\/div><\/div><\/div><\/div>","protected":false},"excerpt":{"rendered":"<p>Feststellung des besonderen F\u00f6rderbedarfs F\u00fcr alle Kinder, die eingeschult werden, erfolgt die Schulanmeldung an der zust\u00e4ndigen Grundschule. Die Eltern informieren die Grundschule, wenn ihr Kind sprachliche Auff\u00e4lligkeiten hat und es eine besondere sprachliche F\u00f6rderung ben\u00f6tigt. Zus\u00e4tzlich dazu k\u00f6nnen sich die Eltern auch \u00fcber die Schule mit dem F\u00f6rderschwerpunkt Sprache Frankenthal informieren. Dazu wird es im &hellip;<\/p>\n","protected":false},"author":1,"featured_media":0,"parent":0,"menu_order":0,"comment_status":"closed","ping_status":"closed","template":"","meta":{"footnotes":""},"class_list":["post-2314","page","type-page","status-publish","hentry"],"_links":{"self":[{"href":"https:\/\/www.neumayerschule.de\/index.php?rest_route=\/wp\/v2\/pages\/2314","targetHints":{"allow":["GET"]}}],"collection":[{"href":"https:\/\/www.neumayerschule.de\/index.php?rest_route=\/wp\/v2\/pages"}],"about":[{"href":"https:\/\/www.neumayerschule.de\/index.php?rest_route=\/wp\/v2\/types\/page"}],"author":[{"embeddable":true,"href":"https:\/\/www.neumayerschule.de\/index.php?rest_route=\/wp\/v2\/users\/1"}],"replies":[{"embeddable":true,"href":"https:\/\/www.neumayerschule.de\/index.php?rest_route=%2Fwp%2Fv2%2Fcomments&post=2314"}],"version-history":[{"count":3,"href":"https:\/\/www.neumayerschule.de\/index.php?rest_route=\/wp\/v2\/pages\/2314\/revisions"}],"predecessor-version":[{"id":6732,"href":"https:\/\/www.neumayerschule.de\/index.php?rest_route=\/wp\/v2\/pages\/2314\/revisions\/6732"}],"wp:attachment":[{"href":"https:\/\/www.neumayerschule.de\/index.php?rest_route=%2Fwp%2Fv2%2Fmedia&parent=2314"}],"curies":[{"name":"wp","href":"https:\/\/api.w.org\/{rel}","templated":true}]}}