{"id":2317,"date":"2015-05-13T12:10:42","date_gmt":"2015-05-13T10:10:42","guid":{"rendered":"http:\/\/www.neumayerschule.de\/?page_id=2317"},"modified":"2019-10-25T17:30:36","modified_gmt":"2019-10-25T15:30:36","slug":"schulleben","status":"publish","type":"page","link":"https:\/\/www.neumayerschule.de\/?page_id=2317","title":{"rendered":"Schulleben"},"content":{"rendered":"<div id=\"pl-2317\"  class=\"panel-layout\" ><div id=\"pg-2317-0\"  class=\"panel-grid panel-no-style\" ><div id=\"pgc-2317-0-0\"  class=\"panel-grid-cell\" ><div id=\"panel-2317-0-0-0\" class=\"so-panel widget widget_black-studio-tinymce widget_black_studio_tinymce panel-first-child panel-last-child\" data-index=\"0\" ><div class=\"textwidget\"><h2><span style=\"color: #ff0000;\">Diese Seite wird zur Zeit \u00fcberarbeitet. Wir bitten um Ihr Verst\u00e4ndnis.<\/span><\/h2>\n<\/div><\/div><\/div><\/div><div id=\"pg-2317-1\"  class=\"panel-grid panel-no-style\" ><div id=\"pgc-2317-1-0\"  class=\"panel-grid-cell\" ><div id=\"panel-2317-1-0-0\" class=\"so-panel widget widget_black-studio-tinymce widget_black_studio_tinymce panel-first-child panel-last-child\" data-index=\"1\" ><h3 class=\"widget-title\">Schulleben<\/h3><div class=\"textwidget\"><h3><strong>Ein Tag an der Schule mit dem F\u00f6rderschwerpunkt Sprache<\/strong><\/h3>\n<\/div><\/div><\/div><\/div><div id=\"pg-2317-2\"  class=\"panel-grid panel-no-style\" ><div id=\"pgc-2317-2-0\"  class=\"panel-grid-cell\" ><div id=\"panel-2317-2-0-0\" class=\"so-panel widget widget_black-studio-tinymce widget_black_studio_tinymce panel-first-child panel-last-child\" data-index=\"2\" ><div class=\"textwidget\"><p><figure id=\"attachment_4459\" aria-describedby=\"caption-attachment-4459\" style=\"width: 300px\" class=\"wp-caption alignnone\"><img loading=\"lazy\" decoding=\"async\" class=\"size-medium wp-image-4459\" src=\"https:\/\/www.neumayerschule.de\/wp-content\/uploads\/2019\/09\/IMG_6446-300x225.jpg\" alt=\"\" width=\"300\" height=\"225\" srcset=\"https:\/\/www.neumayerschule.de\/wp-content\/uploads\/2019\/09\/IMG_6446-300x225.jpg 300w, https:\/\/www.neumayerschule.de\/wp-content\/uploads\/2019\/09\/IMG_6446-100x75.jpg 100w, https:\/\/www.neumayerschule.de\/wp-content\/uploads\/2019\/09\/IMG_6446-768x576.jpg 768w, https:\/\/www.neumayerschule.de\/wp-content\/uploads\/2019\/09\/IMG_6446-1024x768.jpg 1024w, https:\/\/www.neumayerschule.de\/wp-content\/uploads\/2019\/09\/IMG_6446-555x416.jpg 555w, https:\/\/www.neumayerschule.de\/wp-content\/uploads\/2019\/09\/IMG_6446.jpg 2048w\" sizes=\"auto, (max-width: 300px) 100vw, 300px\" \/><figcaption id=\"caption-attachment-4459\" class=\"wp-caption-text\">Wir kommen mit den Bussen an der Schule an.<\/figcaption><\/figure><\/p>\n<\/div><\/div><\/div><div id=\"pgc-2317-2-1\"  class=\"panel-grid-cell\" ><div id=\"panel-2317-2-1-0\" class=\"so-panel widget widget_black-studio-tinymce widget_black_studio_tinymce panel-first-child panel-last-child\" data-index=\"3\" ><div class=\"textwidget\"><\/div><\/div><\/div><\/div><div id=\"pg-2317-3\"  class=\"panel-grid panel-no-style\" ><div id=\"pgc-2317-3-0\"  class=\"panel-grid-cell\" ><div id=\"panel-2317-3-0-0\" class=\"so-panel widget widget_black-studio-tinymce widget_black_studio_tinymce panel-first-child panel-last-child\" data-index=\"4\" ><div class=\"textwidget\"><h3><strong>Vormittags haben wir 5 Stunden Unterricht.<\/strong><\/h3>\n<\/div><\/div><\/div><\/div><div id=\"pg-2317-4\"  class=\"panel-grid panel-no-style\" ><div id=\"pgc-2317-4-0\"  class=\"panel-grid-cell\" ><div id=\"panel-2317-4-0-0\" class=\"so-panel widget widget_black-studio-tinymce widget_black_studio_tinymce panel-first-child panel-last-child\" data-index=\"5\" ><div class=\"textwidget\"><p><figure id=\"attachment_4460\" aria-describedby=\"caption-attachment-4460\" style=\"width: 300px\" class=\"wp-caption alignnone\"><img loading=\"lazy\" decoding=\"async\" class=\"size-medium wp-image-4460\" src=\"https:\/\/www.neumayerschule.de\/wp-content\/uploads\/2019\/09\/IMG_6460-300x225.jpg\" alt=\"\" width=\"300\" height=\"225\" srcset=\"https:\/\/www.neumayerschule.de\/wp-content\/uploads\/2019\/09\/IMG_6460-300x225.jpg 300w, https:\/\/www.neumayerschule.de\/wp-content\/uploads\/2019\/09\/IMG_6460-100x75.jpg 100w, https:\/\/www.neumayerschule.de\/wp-content\/uploads\/2019\/09\/IMG_6460-768x576.jpg 768w, https:\/\/www.neumayerschule.de\/wp-content\/uploads\/2019\/09\/IMG_6460-1024x768.jpg 1024w, https:\/\/www.neumayerschule.de\/wp-content\/uploads\/2019\/09\/IMG_6460-555x416.jpg 555w, https:\/\/www.neumayerschule.de\/wp-content\/uploads\/2019\/09\/IMG_6460.jpg 2048w\" sizes=\"auto, (max-width: 300px) 100vw, 300px\" \/><figcaption id=\"caption-attachment-4460\" class=\"wp-caption-text\">Jeden Tag haben wir Mathematik...<\/figcaption><\/figure><\/p>\n<\/div><\/div><\/div><div id=\"pgc-2317-4-1\"  class=\"panel-grid-cell\" ><div id=\"panel-2317-4-1-0\" class=\"so-panel widget widget_black-studio-tinymce widget_black_studio_tinymce panel-first-child panel-last-child\" data-index=\"6\" ><div class=\"textwidget\"><p><figure id=\"attachment_4461\" aria-describedby=\"caption-attachment-4461\" style=\"width: 300px\" class=\"wp-caption alignnone\"><img loading=\"lazy\" decoding=\"async\" class=\"size-medium wp-image-4461\" src=\"https:\/\/www.neumayerschule.de\/wp-content\/uploads\/2019\/09\/IMG_6464-300x225.jpg\" alt=\"\" width=\"300\" height=\"225\" srcset=\"https:\/\/www.neumayerschule.de\/wp-content\/uploads\/2019\/09\/IMG_6464-300x225.jpg 300w, https:\/\/www.neumayerschule.de\/wp-content\/uploads\/2019\/09\/IMG_6464-100x75.jpg 100w, https:\/\/www.neumayerschule.de\/wp-content\/uploads\/2019\/09\/IMG_6464-768x576.jpg 768w, https:\/\/www.neumayerschule.de\/wp-content\/uploads\/2019\/09\/IMG_6464-1024x768.jpg 1024w, https:\/\/www.neumayerschule.de\/wp-content\/uploads\/2019\/09\/IMG_6464-555x416.jpg 555w, https:\/\/www.neumayerschule.de\/wp-content\/uploads\/2019\/09\/IMG_6464.jpg 2048w\" sizes=\"auto, (max-width: 300px) 100vw, 300px\" \/><figcaption id=\"caption-attachment-4461\" class=\"wp-caption-text\">...und Deutsch.<\/figcaption><\/figure><\/p>\n<\/div><\/div><\/div><\/div><div id=\"pg-2317-5\"  class=\"panel-grid panel-no-style\" ><div id=\"pgc-2317-5-0\"  class=\"panel-grid-cell\" ><div id=\"panel-2317-5-0-0\" class=\"so-panel widget widget_black-studio-tinymce widget_black_studio_tinymce panel-first-child panel-last-child\" data-index=\"7\" ><div class=\"textwidget\"><p><figure id=\"attachment_4462\" aria-describedby=\"caption-attachment-4462\" style=\"width: 300px\" class=\"wp-caption alignnone\"><img loading=\"lazy\" decoding=\"async\" class=\"size-medium wp-image-4462\" src=\"https:\/\/www.neumayerschule.de\/wp-content\/uploads\/2019\/09\/IMG_6505-300x225.jpg\" alt=\"\" width=\"300\" height=\"225\" srcset=\"https:\/\/www.neumayerschule.de\/wp-content\/uploads\/2019\/09\/IMG_6505-300x225.jpg 300w, https:\/\/www.neumayerschule.de\/wp-content\/uploads\/2019\/09\/IMG_6505-100x75.jpg 100w, https:\/\/www.neumayerschule.de\/wp-content\/uploads\/2019\/09\/IMG_6505-768x576.jpg 768w, https:\/\/www.neumayerschule.de\/wp-content\/uploads\/2019\/09\/IMG_6505-1024x768.jpg 1024w, https:\/\/www.neumayerschule.de\/wp-content\/uploads\/2019\/09\/IMG_6505-555x416.jpg 555w, https:\/\/www.neumayerschule.de\/wp-content\/uploads\/2019\/09\/IMG_6505.jpg 2048w\" sizes=\"auto, (max-width: 300px) 100vw, 300px\" \/><figcaption id=\"caption-attachment-4462\" class=\"wp-caption-text\">Zwischendurch haben wir Hunger; dann wird gefr\u00fchst\u00fcckt.<\/figcaption><\/figure><\/p>\n<\/div><\/div><\/div><div id=\"pgc-2317-5-1\"  class=\"panel-grid-cell\" ><div id=\"panel-2317-5-1-0\" class=\"so-panel widget widget_black-studio-tinymce widget_black_studio_tinymce panel-first-child panel-last-child\" data-index=\"8\" ><div class=\"textwidget\"><p><figure id=\"attachment_4463\" aria-describedby=\"caption-attachment-4463\" style=\"width: 300px\" class=\"wp-caption alignnone\"><img loading=\"lazy\" decoding=\"async\" class=\"size-medium wp-image-4463\" src=\"https:\/\/www.neumayerschule.de\/wp-content\/uploads\/2019\/09\/IMG_6469-300x225.jpg\" alt=\"\" width=\"300\" height=\"225\" srcset=\"https:\/\/www.neumayerschule.de\/wp-content\/uploads\/2019\/09\/IMG_6469-300x225.jpg 300w, https:\/\/www.neumayerschule.de\/wp-content\/uploads\/2019\/09\/IMG_6469-100x75.jpg 100w, https:\/\/www.neumayerschule.de\/wp-content\/uploads\/2019\/09\/IMG_6469-768x576.jpg 768w, https:\/\/www.neumayerschule.de\/wp-content\/uploads\/2019\/09\/IMG_6469-1024x768.jpg 1024w, https:\/\/www.neumayerschule.de\/wp-content\/uploads\/2019\/09\/IMG_6469-555x416.jpg 555w, https:\/\/www.neumayerschule.de\/wp-content\/uploads\/2019\/09\/IMG_6469.jpg 2048w\" sizes=\"auto, (max-width: 300px) 100vw, 300px\" \/><figcaption id=\"caption-attachment-4463\" class=\"wp-caption-text\">Wir haben 2 Hofpausen.<\/figcaption><\/figure><\/p>\n<\/div><\/div><\/div><\/div><div id=\"pg-2317-6\"  class=\"panel-grid panel-no-style\" ><div id=\"pgc-2317-6-0\"  class=\"panel-grid-cell\" ><div id=\"panel-2317-6-0-0\" class=\"so-panel widget widget_black-studio-tinymce widget_black_studio_tinymce panel-first-child panel-last-child\" data-index=\"9\" ><div class=\"textwidget\"><p><figure id=\"attachment_4464\" aria-describedby=\"caption-attachment-4464\" style=\"width: 300px\" class=\"wp-caption alignnone\"><img loading=\"lazy\" decoding=\"async\" class=\"size-medium wp-image-4464\" src=\"https:\/\/www.neumayerschule.de\/wp-content\/uploads\/2019\/09\/IMG_6482-300x225.jpg\" alt=\"\" width=\"300\" height=\"225\" srcset=\"https:\/\/www.neumayerschule.de\/wp-content\/uploads\/2019\/09\/IMG_6482-300x225.jpg 300w, https:\/\/www.neumayerschule.de\/wp-content\/uploads\/2019\/09\/IMG_6482-100x75.jpg 100w, https:\/\/www.neumayerschule.de\/wp-content\/uploads\/2019\/09\/IMG_6482-768x576.jpg 768w, https:\/\/www.neumayerschule.de\/wp-content\/uploads\/2019\/09\/IMG_6482-1024x768.jpg 1024w, https:\/\/www.neumayerschule.de\/wp-content\/uploads\/2019\/09\/IMG_6482-555x416.jpg 555w, https:\/\/www.neumayerschule.de\/wp-content\/uploads\/2019\/09\/IMG_6482.jpg 2048w\" sizes=\"auto, (max-width: 300px) 100vw, 300px\" \/><figcaption id=\"caption-attachment-4464\" class=\"wp-caption-text\">Wir haben Sprachf\u00f6rderung.<\/figcaption><\/figure><\/p>\n<\/div><\/div><\/div><div id=\"pgc-2317-6-1\"  class=\"panel-grid-cell\" ><div id=\"panel-2317-6-1-0\" class=\"so-panel widget widget_black-studio-tinymce widget_black_studio_tinymce panel-first-child panel-last-child\" data-index=\"10\" ><div class=\"textwidget\"><\/div><\/div><\/div><\/div><div id=\"pg-2317-7\"  class=\"panel-grid panel-no-style\" ><div id=\"pgc-2317-7-0\"  class=\"panel-grid-cell\" ><div id=\"panel-2317-7-0-0\" class=\"so-panel widget widget_black-studio-tinymce widget_black_studio_tinymce panel-first-child panel-last-child\" data-index=\"11\" ><div class=\"textwidget\"><\/div><\/div><\/div><div id=\"pgc-2317-7-1\"  class=\"panel-grid-cell\" ><div id=\"panel-2317-7-1-0\" class=\"so-panel widget widget_black-studio-tinymce widget_black_studio_tinymce panel-first-child panel-last-child\" data-index=\"12\" ><div class=\"textwidget\"><\/div><\/div><\/div><\/div><div id=\"pg-2317-8\"  class=\"panel-grid panel-no-style\" ><div id=\"pgc-2317-8-0\"  class=\"panel-grid-cell\" ><div id=\"panel-2317-8-0-0\" class=\"so-panel widget widget_black-studio-tinymce widget_black_studio_tinymce panel-first-child panel-last-child\" data-index=\"13\" ><div class=\"textwidget\"><h3><strong>Nach soviel Lernen haben wir gro\u00dfen Hunger.<\/strong><\/h3>\n<\/div><\/div><\/div><\/div><div id=\"pg-2317-9\"  class=\"panel-grid panel-no-style\" ><div id=\"pgc-2317-9-0\"  class=\"panel-grid-cell\" ><div id=\"panel-2317-9-0-0\" class=\"so-panel widget widget_black-studio-tinymce widget_black_studio_tinymce panel-first-child panel-last-child\" data-index=\"14\" ><div class=\"textwidget\"><p><figure id=\"attachment_4465\" aria-describedby=\"caption-attachment-4465\" style=\"width: 300px\" class=\"wp-caption alignnone\"><img loading=\"lazy\" decoding=\"async\" class=\"size-medium wp-image-4465\" src=\"https:\/\/www.neumayerschule.de\/wp-content\/uploads\/2019\/09\/IMG_6494-300x225.jpg\" alt=\"\" width=\"300\" height=\"225\" srcset=\"https:\/\/www.neumayerschule.de\/wp-content\/uploads\/2019\/09\/IMG_6494-300x225.jpg 300w, https:\/\/www.neumayerschule.de\/wp-content\/uploads\/2019\/09\/IMG_6494-100x75.jpg 100w, https:\/\/www.neumayerschule.de\/wp-content\/uploads\/2019\/09\/IMG_6494-768x576.jpg 768w, https:\/\/www.neumayerschule.de\/wp-content\/uploads\/2019\/09\/IMG_6494-1024x768.jpg 1024w, https:\/\/www.neumayerschule.de\/wp-content\/uploads\/2019\/09\/IMG_6494-555x416.jpg 555w, https:\/\/www.neumayerschule.de\/wp-content\/uploads\/2019\/09\/IMG_6494.jpg 2048w\" sizes=\"auto, (max-width: 300px) 100vw, 300px\" \/><figcaption id=\"caption-attachment-4465\" class=\"wp-caption-text\">Endlich gibt es Mittagessen.<\/figcaption><\/figure><\/p>\n<\/div><\/div><\/div><div id=\"pgc-2317-9-1\"  class=\"panel-grid-cell\" ><div id=\"panel-2317-9-1-0\" class=\"so-panel widget widget_black-studio-tinymce widget_black_studio_tinymce panel-first-child panel-last-child\" data-index=\"15\" ><div class=\"textwidget\"><p><figure id=\"attachment_4466\" aria-describedby=\"caption-attachment-4466\" style=\"width: 300px\" class=\"wp-caption alignnone\"><img loading=\"lazy\" decoding=\"async\" class=\"size-medium wp-image-4466\" src=\"https:\/\/www.neumayerschule.de\/wp-content\/uploads\/2019\/09\/IMG_6474-300x225.jpg\" alt=\"\" width=\"300\" height=\"225\" srcset=\"https:\/\/www.neumayerschule.de\/wp-content\/uploads\/2019\/09\/IMG_6474-300x225.jpg 300w, https:\/\/www.neumayerschule.de\/wp-content\/uploads\/2019\/09\/IMG_6474-100x75.jpg 100w, https:\/\/www.neumayerschule.de\/wp-content\/uploads\/2019\/09\/IMG_6474-768x576.jpg 768w, https:\/\/www.neumayerschule.de\/wp-content\/uploads\/2019\/09\/IMG_6474-1024x768.jpg 1024w, https:\/\/www.neumayerschule.de\/wp-content\/uploads\/2019\/09\/IMG_6474-555x416.jpg 555w, https:\/\/www.neumayerschule.de\/wp-content\/uploads\/2019\/09\/IMG_6474.jpg 2048w\" sizes=\"auto, (max-width: 300px) 100vw, 300px\" \/><figcaption id=\"caption-attachment-4466\" class=\"wp-caption-text\">Nach dem Essen bleiben 30 Minuten Zeit zum Spielen auf dem Schulhof.<\/figcaption><\/figure><\/p>\n<\/div><\/div><\/div><\/div><div id=\"pg-2317-10\"  class=\"panel-grid panel-no-style\" ><div id=\"pgc-2317-10-0\"  class=\"panel-grid-cell\" ><div id=\"panel-2317-10-0-0\" class=\"so-panel widget widget_black-studio-tinymce widget_black_studio_tinymce panel-first-child panel-last-child\" data-index=\"16\" ><div class=\"textwidget\"><h3><strong>Nachmittags haben wir noch 2 Stunden Unterricht.<\/strong><\/h3>\n<\/div><\/div><\/div><\/div><div id=\"pg-2317-11\"  class=\"panel-grid panel-no-style\" ><div id=\"pgc-2317-11-0\"  class=\"panel-grid-cell\" ><div id=\"panel-2317-11-0-0\" class=\"so-panel widget widget_black-studio-tinymce widget_black_studio_tinymce panel-first-child panel-last-child\" data-index=\"17\" ><div class=\"textwidget\"><p><figure id=\"attachment_4467\" aria-describedby=\"caption-attachment-4467\" style=\"width: 300px\" class=\"wp-caption alignnone\"><img loading=\"lazy\" decoding=\"async\" class=\"size-medium wp-image-4467\" src=\"https:\/\/www.neumayerschule.de\/wp-content\/uploads\/2019\/09\/IMG_6486-300x225.jpg\" alt=\"\" width=\"300\" height=\"225\" srcset=\"https:\/\/www.neumayerschule.de\/wp-content\/uploads\/2019\/09\/IMG_6486-300x225.jpg 300w, https:\/\/www.neumayerschule.de\/wp-content\/uploads\/2019\/09\/IMG_6486-100x75.jpg 100w, https:\/\/www.neumayerschule.de\/wp-content\/uploads\/2019\/09\/IMG_6486-768x576.jpg 768w, https:\/\/www.neumayerschule.de\/wp-content\/uploads\/2019\/09\/IMG_6486-1024x768.jpg 1024w, https:\/\/www.neumayerschule.de\/wp-content\/uploads\/2019\/09\/IMG_6486-555x416.jpg 555w, https:\/\/www.neumayerschule.de\/wp-content\/uploads\/2019\/09\/IMG_6486.jpg 2048w\" sizes=\"auto, (max-width: 300px) 100vw, 300px\" \/><figcaption id=\"caption-attachment-4467\" class=\"wp-caption-text\">Wir haben noch einmal Sprachf\u00f6rderung.<\/figcaption><\/figure><\/p>\n<\/div><\/div><\/div><div id=\"pgc-2317-11-1\"  class=\"panel-grid-cell\" ><div id=\"panel-2317-11-1-0\" class=\"so-panel widget widget_black-studio-tinymce widget_black_studio_tinymce panel-first-child panel-last-child\" data-index=\"18\" ><div class=\"textwidget\"><p><figure id=\"attachment_4468\" aria-describedby=\"caption-attachment-4468\" style=\"width: 300px\" class=\"wp-caption alignnone\"><img loading=\"lazy\" decoding=\"async\" class=\"size-medium wp-image-4468\" src=\"https:\/\/www.neumayerschule.de\/wp-content\/uploads\/2019\/09\/IMG_6514-300x225.jpg\" alt=\"\" width=\"300\" height=\"225\" srcset=\"https:\/\/www.neumayerschule.de\/wp-content\/uploads\/2019\/09\/IMG_6514-300x225.jpg 300w, https:\/\/www.neumayerschule.de\/wp-content\/uploads\/2019\/09\/IMG_6514-100x75.jpg 100w, https:\/\/www.neumayerschule.de\/wp-content\/uploads\/2019\/09\/IMG_6514-768x576.jpg 768w, https:\/\/www.neumayerschule.de\/wp-content\/uploads\/2019\/09\/IMG_6514-1024x768.jpg 1024w, https:\/\/www.neumayerschule.de\/wp-content\/uploads\/2019\/09\/IMG_6514-555x416.jpg 555w, https:\/\/www.neumayerschule.de\/wp-content\/uploads\/2019\/09\/IMG_6514.jpg 2048w\" sizes=\"auto, (max-width: 300px) 100vw, 300px\" \/><figcaption id=\"caption-attachment-4468\" class=\"wp-caption-text\">Einmal in der Woche haben wir Sport in der gro\u00dfen Turnhalle.<\/figcaption><\/figure><\/p>\n<\/div><\/div><\/div><\/div><div id=\"pg-2317-12\"  class=\"panel-grid panel-no-style\" ><div id=\"pgc-2317-12-0\"  class=\"panel-grid-cell\" ><div id=\"panel-2317-12-0-0\" class=\"so-panel widget widget_black-studio-tinymce widget_black_studio_tinymce panel-first-child panel-last-child\" data-index=\"19\" ><div class=\"textwidget\"><p><figure id=\"attachment_4469\" aria-describedby=\"caption-attachment-4469\" style=\"width: 300px\" class=\"wp-caption alignnone\"><img loading=\"lazy\" decoding=\"async\" class=\"size-medium wp-image-4469\" src=\"https:\/\/www.neumayerschule.de\/wp-content\/uploads\/2019\/09\/IMG_6489-300x225.jpg\" alt=\"\" width=\"300\" height=\"225\" srcset=\"https:\/\/www.neumayerschule.de\/wp-content\/uploads\/2019\/09\/IMG_6489-300x225.jpg 300w, https:\/\/www.neumayerschule.de\/wp-content\/uploads\/2019\/09\/IMG_6489-100x75.jpg 100w, https:\/\/www.neumayerschule.de\/wp-content\/uploads\/2019\/09\/IMG_6489-768x576.jpg 768w, https:\/\/www.neumayerschule.de\/wp-content\/uploads\/2019\/09\/IMG_6489-1024x768.jpg 1024w, https:\/\/www.neumayerschule.de\/wp-content\/uploads\/2019\/09\/IMG_6489-555x416.jpg 555w, https:\/\/www.neumayerschule.de\/wp-content\/uploads\/2019\/09\/IMG_6489.jpg 2048w\" sizes=\"auto, (max-width: 300px) 100vw, 300px\" \/><figcaption id=\"caption-attachment-4469\" class=\"wp-caption-text\">Unser Kunstunterricht findet Nachmittags statt.<\/figcaption><\/figure><\/p>\n<\/div><\/div><\/div><div id=\"pgc-2317-12-1\"  class=\"panel-grid-cell\" ><div id=\"panel-2317-12-1-0\" class=\"so-panel widget widget_black-studio-tinymce widget_black_studio_tinymce panel-first-child panel-last-child\" data-index=\"20\" ><div class=\"textwidget\"><\/div><\/div><\/div><\/div><div id=\"pg-2317-13\"  class=\"panel-grid panel-no-style\" ><div id=\"pgc-2317-13-0\"  class=\"panel-grid-cell\" ><div id=\"panel-2317-13-0-0\" class=\"so-panel widget widget_black-studio-tinymce widget_black_studio_tinymce panel-first-child panel-last-child\" data-index=\"21\" ><div class=\"textwidget\"><\/div><\/div><\/div><div id=\"pgc-2317-13-1\"  class=\"panel-grid-cell\" ><div id=\"panel-2317-13-1-0\" class=\"so-panel widget widget_black-studio-tinymce widget_black_studio_tinymce panel-first-child panel-last-child\" data-index=\"22\" ><div class=\"textwidget\"><\/div><\/div><\/div><\/div><div id=\"pg-2317-14\"  class=\"panel-grid panel-no-style\" ><div id=\"pgc-2317-14-0\"  class=\"panel-grid-cell panel-grid-cell-mobile-last\" ><div id=\"panel-2317-14-0-0\" class=\"so-panel widget widget_black-studio-tinymce widget_black_studio_tinymce panel-first-child panel-last-child\" data-index=\"23\" ><div class=\"textwidget\"><\/div><\/div><\/div><div id=\"pgc-2317-14-1\"  class=\"panel-grid-cell panel-grid-cell-empty\" ><\/div><\/div><div id=\"pg-2317-15\"  class=\"panel-grid panel-no-style\" ><div id=\"pgc-2317-15-0\"  class=\"panel-grid-cell\" ><div id=\"panel-2317-15-0-0\" class=\"so-panel widget widget_black-studio-tinymce widget_black_studio_tinymce panel-first-child panel-last-child\" data-index=\"24\" ><div class=\"textwidget\"><h3><strong>Um 15.10 Uhr fahren wir wieder nach Hause.<\/strong><\/h3>\n<\/div><\/div><\/div><\/div><div id=\"pg-2317-16\"  class=\"panel-grid panel-no-style\" ><div id=\"pgc-2317-16-0\"  class=\"panel-grid-cell\" ><div id=\"panel-2317-16-0-0\" class=\"so-panel widget widget_black-studio-tinymce widget_black_studio_tinymce panel-first-child panel-last-child\" data-index=\"25\" ><div class=\"textwidget\"><\/div><\/div><\/div><div id=\"pgc-2317-16-1\"  class=\"panel-grid-cell\" ><div id=\"panel-2317-16-1-0\" class=\"so-panel widget widget_black-studio-tinymce widget_black_studio_tinymce panel-first-child panel-last-child\" data-index=\"26\" ><div class=\"textwidget\"><p>\u00a0<\/p>\n<p>\u00a0<\/p>\n<\/div><\/div><\/div><\/div><\/div>","protected":false},"excerpt":{"rendered":"<p>Diese Seite wird zur Zeit \u00fcberarbeitet. Wir bitten um Ihr Verst\u00e4ndnis. Ein Tag an der Schule mit dem F\u00f6rderschwerpunkt Sprache<\/p>\n","protected":false},"author":1,"featured_media":0,"parent":0,"menu_order":0,"comment_status":"closed","ping_status":"closed","template":"","meta":{"footnotes":""},"class_list":["post-2317","page","type-page","status-publish","hentry"],"_links":{"self":[{"href":"https:\/\/www.neumayerschule.de\/index.php?rest_route=\/wp\/v2\/pages\/2317","targetHints":{"allow":["GET"]}}],"collection":[{"href":"https:\/\/www.neumayerschule.de\/index.php?rest_route=\/wp\/v2\/pages"}],"about":[{"href":"https:\/\/www.neumayerschule.de\/index.php?rest_route=\/wp\/v2\/types\/page"}],"author":[{"embeddable":true,"href":"https:\/\/www.neumayerschule.de\/index.php?rest_route=\/wp\/v2\/users\/1"}],"replies":[{"embeddable":true,"href":"https:\/\/www.neumayerschule.de\/index.php?rest_route=%2Fwp%2Fv2%2Fcomments&post=2317"}],"version-history":[{"count":0,"href":"https:\/\/www.neumayerschule.de\/index.php?rest_route=\/wp\/v2\/pages\/2317\/revisions"}],"wp:attachment":[{"href":"https:\/\/www.neumayerschule.de\/index.php?rest_route=%2Fwp%2Fv2%2Fmedia&parent=2317"}],"curies":[{"name":"wp","href":"https:\/\/api.w.org\/{rel}","templated":true}]}}