{"id":2328,"date":"2015-05-13T12:16:21","date_gmt":"2015-05-13T10:16:21","guid":{"rendered":"http:\/\/www.neumayerschule.de\/?page_id=2328"},"modified":"2026-04-14T12:53:44","modified_gmt":"2026-04-14T10:53:44","slug":"downloads","status":"publish","type":"page","link":"https:\/\/www.neumayerschule.de\/?page_id=2328","title":{"rendered":"Downloads"},"content":{"rendered":"<div id=\"pl-2328\"  class=\"panel-layout\" ><div id=\"pg-2328-0\"  class=\"panel-grid panel-no-style\" ><div id=\"pgc-2328-0-0\"  class=\"panel-grid-cell\" ><div id=\"panel-2328-0-0-0\" class=\"so-panel widget widget_black-studio-tinymce widget_black_studio_tinymce panel-first-child\" data-index=\"0\" ><h3 class=\"widget-title\">Speiseplan Standort Neumayerschule <\/h3><div class=\"textwidget\"><p><a href=\"https:\/\/www.neumayerschule.de\/wp-content\/uploads\/2026\/03\/Speiseplan-April.pdf\">Speiseplan April<\/a><\/p>\n<p>&nbsp;<\/p>\n<\/div><\/div><div id=\"panel-2328-0-0-1\" class=\"so-panel widget widget_black-studio-tinymce widget_black_studio_tinymce\" data-index=\"1\" ><h3 class=\"widget-title\">Speiseplan Standort PIH<\/h3><div class=\"textwidget\"><p><a href=\"https:\/\/www.neumayerschule.de\/wp-content\/uploads\/2026\/03\/Speiseplan-KW-16.pdf\">Speiseplan KW 16<\/a><\/p>\n<p><a href=\"https:\/\/www.neumayerschule.de\/wp-content\/uploads\/2026\/03\/Speiseplan-KW-17.pdf\">Speiseplan KW 17<\/a><\/p>\n<p><a href=\"https:\/\/www.neumayerschule.de\/wp-content\/uploads\/2026\/03\/Speiseplan-KW-18.pdf\">Speiseplan KW 18<\/a><\/p>\n<p><a href=\"https:\/\/www.neumayerschule.de\/wp-content\/uploads\/2026\/03\/Speiseplan-KW-19.pdf\">Speiseplan KW 19<\/a><\/p>\n<p><a href=\"https:\/\/www.neumayerschule.de\/wp-content\/uploads\/2026\/03\/Speiseplan-KW-20.pdf\">Speiseplan KW 20<\/a><\/p>\n<\/div><\/div><div id=\"panel-2328-0-0-2\" class=\"so-panel widget widget_black-studio-tinymce widget_black_studio_tinymce\" data-index=\"2\" ><h3 class=\"widget-title\">Schulobst<\/h3><div class=\"textwidget\"><p><a href=\"https:\/\/www.neumayerschule.de\/wp-content\/uploads\/2026\/04\/Schulobst-KW-17.pdf\">Schulobst KW 17<\/a><\/p>\n<\/div><\/div><div id=\"panel-2328-0-0-3\" class=\"so-panel widget widget_black-studio-tinymce widget_black_studio_tinymce\" data-index=\"3\" ><h3 class=\"widget-title\">Ferienplan 2025\/2026<\/h3><div class=\"textwidget\"><p><a href=\"https:\/\/www.neumayerschule.de\/wp-content\/uploads\/2025\/08\/Ferienplan-SJ-2025-26.docx\">Ferienplan SJ 2025-26<\/a><\/p>\n<\/div><\/div><div id=\"panel-2328-0-0-4\" class=\"so-panel widget widget_black-studio-tinymce widget_black_studio_tinymce\" data-index=\"4\" ><h3 class=\"widget-title\">Abwesenheitsmeldung<\/h3><div class=\"textwidget\"><p>Merkblatt zur Abwesenheitsmeldung: <a href=\"https:\/\/www.neumayerschule.de\/wp-content\/uploads\/2024\/09\/Abwesenheitsmeldung-Sch\u00fclerInnen.doc\">Abwesenheitsmeldung Sch\u00fclerInnen<\/a><\/p>\n<\/div><\/div><div id=\"panel-2328-0-0-5\" class=\"so-panel widget widget_black-studio-tinymce widget_black_studio_tinymce\" data-index=\"5\" ><h3 class=\"widget-title\">Elternbriefe<\/h3><div class=\"textwidget\"><p><a href=\"https:\/\/www.neumayerschule.de\/wp-content\/uploads\/2026\/02\/Elternbrief-Februar-2026.pdf\">Elternbrief Februar 2026<\/a><\/p>\n<\/div><\/div><div id=\"panel-2328-0-0-6\" class=\"so-panel widget widget_black-studio-tinymce widget_black_studio_tinymce\" data-index=\"6\" ><h3 class=\"widget-title\">Mitgliedsantrag F\u00f6rderverein<\/h3><div class=\"textwidget\"><p><a href=\"https:\/\/www.neumayerschule.de\/wp-content\/uploads\/2021\/05\/Flyer-F\u00f6rderverein-au\u00dfen.pdf\">Flyer F\u00f6rderverein au\u00dfen<\/a><\/p>\n<p><a href=\"https:\/\/www.neumayerschule.de\/wp-content\/uploads\/2021\/05\/Flyer-F\u00f6rderverein-innen.pdf\">Flyer F\u00f6rderverein innen<\/a><\/p>\n<\/div><\/div><div id=\"panel-2328-0-0-7\" class=\"so-panel widget widget_black-studio-tinymce widget_black_studio_tinymce\" data-index=\"7\" ><h3 class=\"widget-title\">Flyer Schule<\/h3><div class=\"textwidget\"><p><a href=\"https:\/\/www.neumayerschule.de\/wp-content\/uploads\/2022\/08\/Flyer-SFS.pdf\">Flyer-SFS<\/a><\/p>\n<\/div><\/div><div id=\"panel-2328-0-0-8\" class=\"so-panel widget widget_black-studio-tinymce widget_black_studio_tinymce\" data-index=\"8\" ><h3 class=\"widget-title\">Satzung F\u00f6rderverein<\/h3><div class=\"textwidget\"><p><a href=\"https:\/\/www.neumayerschule.de\/wp-content\/uploads\/2018\/10\/Satzung_F\u00f6rderverein_Mai_2014_.docx\">Satzung_F\u00f6rderverein_Mai_2014_<\/a><\/p>\n<\/div><\/div><div id=\"panel-2328-0-0-9\" class=\"so-panel widget widget_black-studio-tinymce widget_black_studio_tinymce\" data-index=\"9\" ><h3 class=\"widget-title\">Medikamentenverordnung<\/h3><div class=\"textwidget\"><p><a href=\"https:\/\/www.neumayerschule.de\/wp-content\/uploads\/2015\/09\/Medikamentenverordnung-Schule.docx\">Medikamentenverordnung Schule<\/a><\/p>\n<p><a href=\"https:\/\/www.neumayerschule.de\/wp-content\/uploads\/2019\/09\/Vereinbarung-\u00fcber-medizinische-Hilfeleistungen.docx\">Vereinbarung \u00fcber medizinische Hilfeleistungen<\/a><\/p>\n<\/div><\/div><div id=\"panel-2328-0-0-10\" class=\"so-panel widget widget_black-studio-tinymce widget_black_studio_tinymce\" data-index=\"10\" ><h3 class=\"widget-title\">Einverst\u00e4ndnis Foto<\/h3><div class=\"textwidget\"><p><a href=\"https:\/\/www.neumayerschule.de\/wp-content\/uploads\/2016\/02\/Einverst\u00e4ndnis-Foto.pdf\" rel=\"\">Einverst\u00e4ndnis Foto<\/a><\/p>\n<\/div><\/div><div id=\"panel-2328-0-0-11\" class=\"so-panel widget widget_black-studio-tinymce widget_black_studio_tinymce panel-last-child\" data-index=\"11\" ><h3 class=\"widget-title\">Vereinbarung Schule-Eltern<\/h3><div class=\"textwidget\"><p><a href=\"https:\/\/www.neumayerschule.de\/wp-content\/uploads\/2019\/07\/QuerVereinbarung-1-1.docx\">QuerVereinbarung-1 (1)<\/a><\/p>\n<p><a href=\"https:\/\/www.neumayerschule.de\/wp-content\/uploads\/2019\/07\/QuerVereinbarung-AUSSEN-2-1.docx\">QuerVereinbarung-AUSSEN-2 (1)<\/a><\/p>\n<\/div><\/div><\/div><\/div><\/div>","protected":false},"excerpt":{"rendered":"<p>Speiseplan April &nbsp; Speiseplan KW 16 Speiseplan KW 17 Speiseplan KW 18 Speiseplan KW 19 Speiseplan KW 20 Schulobst KW 17 Ferienplan SJ 2025-26 Merkblatt zur Abwesenheitsmeldung: Abwesenheitsmeldung Sch\u00fclerInnen Elternbrief Februar 2026 Flyer F\u00f6rderverein au\u00dfen Flyer F\u00f6rderverein innen Flyer-SFS Satzung_F\u00f6rderverein_Mai_2014_ Medikamentenverordnung Schule Vereinbarung \u00fcber medizinische Hilfeleistungen Einverst\u00e4ndnis Foto QuerVereinbarung-1 (1) QuerVereinbarung-AUSSEN-2 (1)<\/p>\n","protected":false},"author":1,"featured_media":0,"parent":0,"menu_order":0,"comment_status":"closed","ping_status":"closed","template":"","meta":{"footnotes":""},"class_list":["post-2328","page","type-page","status-publish","hentry"],"_links":{"self":[{"href":"https:\/\/www.neumayerschule.de\/index.php?rest_route=\/wp\/v2\/pages\/2328","targetHints":{"allow":["GET"]}}],"collection":[{"href":"https:\/\/www.neumayerschule.de\/index.php?rest_route=\/wp\/v2\/pages"}],"about":[{"href":"https:\/\/www.neumayerschule.de\/index.php?rest_route=\/wp\/v2\/types\/page"}],"author":[{"embeddable":true,"href":"https:\/\/www.neumayerschule.de\/index.php?rest_route=\/wp\/v2\/users\/1"}],"replies":[{"embeddable":true,"href":"https:\/\/www.neumayerschule.de\/index.php?rest_route=%2Fwp%2Fv2%2Fcomments&post=2328"}],"version-history":[{"count":3,"href":"https:\/\/www.neumayerschule.de\/index.php?rest_route=\/wp\/v2\/pages\/2328\/revisions"}],"predecessor-version":[{"id":6898,"href":"https:\/\/www.neumayerschule.de\/index.php?rest_route=\/wp\/v2\/pages\/2328\/revisions\/6898"}],"wp:attachment":[{"href":"https:\/\/www.neumayerschule.de\/index.php?rest_route=%2Fwp%2Fv2%2Fmedia&parent=2328"}],"curies":[{"name":"wp","href":"https:\/\/api.w.org\/{rel}","templated":true}]}}