{"id":2334,"date":"2015-05-13T12:18:01","date_gmt":"2015-05-13T10:18:01","guid":{"rendered":"http:\/\/www.neumayerschule.de\/?page_id=2334"},"modified":"2025-08-17T13:46:51","modified_gmt":"2025-08-17T11:46:51","slug":"impressum","status":"publish","type":"page","link":"https:\/\/www.neumayerschule.de\/?page_id=2334","title":{"rendered":"Impressum"},"content":{"rendered":"<div id=\"pl-2334\"  class=\"panel-layout\" ><div id=\"pg-2334-0\"  class=\"panel-grid panel-no-style\" ><div id=\"pgc-2334-0-0\"  class=\"panel-grid-cell\" ><div id=\"panel-2334-0-0-0\" class=\"so-panel widget widget_black-studio-tinymce widget_black_studio_tinymce panel-first-child panel-last-child\" data-index=\"0\" ><h3 class=\"widget-title\">Impressum<\/h3><div class=\"textwidget\"><div id=\"c21\" class=\"csc-default\"><strong>Angaben gem\u00e4\u00df \u00a75 TMG:<br \/>\nSchule mit dem F\u00f6rderschwerpunkt Sprache<\/strong><br \/>\nNeumayerring 7<br \/>\n67227 Frankenthal<\/div>\n<div class=\"csc-default\">Tel.: 06233\/ 2 10 70<br \/>\nFax: 06233\/23 92 06<br \/>\ne-Mail: verwaltung@neumayerschule.de<\/div>\n<div class=\"csc-default\"><\/div>\n<div class=\"csc-default\"><b>Schulleitung<br \/>\n<\/b>Frau Susanne Kuppetz (Schulleitung)<\/div>\n<div class=\"csc-default\"><strong><br \/>\nSchultr\u00e4ger<br \/>\n<\/strong>Stadt Frankenthal<\/div>\n<p><strong>Verantwortlich f\u00fcr den Inhalt nach \u00a7 55 Abs. 2 RStV:<\/strong><br \/>\n<b>Susanne Kuppetz<br \/>\n<\/b>Neumayerring 7<br \/>\n67227 Frankenthal<br \/>\nTel.: 06233\/ 2 10 70<br \/>\nFax: 06233\/23 92 06<br \/>\ne-Mail: verwaltung@neumayerschule.de<\/p>\n<p><strong>Streitschlichtung<\/strong><br \/>\nDie Europ\u00e4ische Kommission stellt eine Plattform zur Online-Streitbeilegung (OS) bereit: http:\/\/ec.europa.eu\/consumers\/odr<br \/>\nUnsere E-Mail-Adresse finden Sie oben im Impressum.<\/p>\n<p><strong>Haftung f\u00fcr Inhalte<\/strong><br \/>\nAls Diensteanbieter sind wir gem\u00e4\u00df \u00a7 7 Abs.1 TMG f\u00fcr eigene Inhalte auf diesen Seiten nach den allgemeinen Gesetzen verantwortlich. Nach \u00a7 8 bis 10 TMG sind wir als Diensteanbieter jedoch nicht verpflichtet, \u00fcbermittelte oder gespeicherte fremde Informationen zu \u00fcberwachen oder nach Umst\u00e4nden zu forschen, die auf eine rechtswidrige T\u00e4tigkeit hinweisen.<br \/>\nVerpflichtungen zur Entfernung oder Sperrung der Nutzung von Informationen nach den allgemeinen Gesetzen bleiben hiervon unber\u00fchrt. Eine diesbez\u00fcgliche Haftung ist jedoch erst ab dem Zeitpunkt der Kenntnis einer konkreten Rechtsverletzung m\u00f6glich. Bei Bekanntwerden von entsprechenden Rechtsverletzungen werden wir diese Inhalte umgehend entfernen.<\/p>\n<p><strong>Haftung f\u00fcr Links<\/strong><br \/>\nUnser Angebot enth\u00e4lt Links zu externen Webseiten Dritter, auf deren Inhalte wir keinen Einfluss haben. Deshalb k\u00f6nnen wir f\u00fcr diese fremden Inhalte auch keine Gew\u00e4hr \u00fcbernehmen. F\u00fcr die Inhalte der verlinkten Seiten ist stets der jeweilige Anbieter oder Betreiber der Seiten verantwortlich. Die verlinkten Seiten wurden zum Zeitpunkt der Verlinkung auf m\u00f6gliche Rechtsverst\u00f6\u00dfe \u00fcberpr\u00fcft. Rechtswidrige Inhalte waren zum Zeitpunkt der Verlinkung nicht erkennbar.<\/p>\n<p>Eine permanente inhaltliche Kontrolle der verlinkten Seiten ist jedoch ohne konkrete Anhaltspunkte einer Rechtsverletzung nicht zumutbar. Bei Bekanntwerden von Rechtsverletzungen werden wir derartige Links umgehend entfernen.<\/p>\n<p><strong>Urheberrecht<\/strong><br \/>\nDie durch die Seitenbetreiber erstellten Inhalte und Werke auf diesen Seiten unterliegen dem deutschen Urheberrecht. Die Vervielf\u00e4ltigung, Bearbeitung, Verbreitung und jede Art der Verwertung au\u00dferhalb der Grenzen des Urheberrechtes bed\u00fcrfen der schriftlichen Zustimmung des jeweiligen Autors bzw. Erstellers. Downloads und Kopien dieser Seite sind nur f\u00fcr den privaten, nicht kommerziellen Gebrauch gestattet.<\/p>\n<p>Soweit die Inhalte auf dieser Seite nicht vom Betreiber erstellt wurden, werden die Urheberrechte Dritter beachtet. Insbesondere werden Inhalte Dritter als solche gekennzeichnet. Sollten Sie trotzdem auf eine Urheberrechtsverletzung aufmerksam werden, bitten wir um einen entsprechenden Hinweis. Bei Bekanntwerden von Rechtsverletzungen werden wir derartige Inhalte umgehend entfernen.<\/p>\n<p>&nbsp;<\/p>\n<\/div><\/div><\/div><\/div><\/div>","protected":false},"excerpt":{"rendered":"<p>Angaben gem\u00e4\u00df \u00a75 TMG: Schule mit dem F\u00f6rderschwerpunkt Sprache Neumayerring 7 67227 Frankenthal Tel.: 06233\/ 2 10 70 Fax: 06233\/23 92 06 e-Mail: verwaltung@neumayerschule.de Schulleitung Frau Susanne Kuppetz (Schulleitung) Schultr\u00e4ger Stadt Frankenthal Verantwortlich f\u00fcr den Inhalt nach \u00a7 55 Abs. 2 RStV: Susanne Kuppetz Neumayerring 7 67227 Frankenthal Tel.: 06233\/ 2 10 70 Fax: 06233\/23 &hellip;<\/p>\n","protected":false},"author":1,"featured_media":0,"parent":0,"menu_order":0,"comment_status":"closed","ping_status":"closed","template":"","meta":{"footnotes":""},"class_list":["post-2334","page","type-page","status-publish","hentry"],"_links":{"self":[{"href":"https:\/\/www.neumayerschule.de\/index.php?rest_route=\/wp\/v2\/pages\/2334","targetHints":{"allow":["GET"]}}],"collection":[{"href":"https:\/\/www.neumayerschule.de\/index.php?rest_route=\/wp\/v2\/pages"}],"about":[{"href":"https:\/\/www.neumayerschule.de\/index.php?rest_route=\/wp\/v2\/types\/page"}],"author":[{"embeddable":true,"href":"https:\/\/www.neumayerschule.de\/index.php?rest_route=\/wp\/v2\/users\/1"}],"replies":[{"embeddable":true,"href":"https:\/\/www.neumayerschule.de\/index.php?rest_route=%2Fwp%2Fv2%2Fcomments&post=2334"}],"version-history":[{"count":2,"href":"https:\/\/www.neumayerschule.de\/index.php?rest_route=\/wp\/v2\/pages\/2334\/revisions"}],"predecessor-version":[{"id":6690,"href":"https:\/\/www.neumayerschule.de\/index.php?rest_route=\/wp\/v2\/pages\/2334\/revisions\/6690"}],"wp:attachment":[{"href":"https:\/\/www.neumayerschule.de\/index.php?rest_route=%2Fwp%2Fv2%2Fmedia&parent=2334"}],"curies":[{"name":"wp","href":"https:\/\/api.w.org\/{rel}","templated":true}]}}