{"id":2358,"date":"2015-05-22T09:13:55","date_gmt":"2015-05-22T07:13:55","guid":{"rendered":"http:\/\/www.neumayerschule.de\/?page_id=2358"},"modified":"2017-11-10T17:07:04","modified_gmt":"2017-11-10T16:07:04","slug":"psychomotorik","status":"publish","type":"page","link":"https:\/\/www.neumayerschule.de\/?page_id=2358","title":{"rendered":"Psychomotorik"},"content":{"rendered":"<div id=\"pl-2358\"  class=\"panel-layout\" ><div id=\"pg-2358-0\"  class=\"panel-grid panel-no-style\" ><div id=\"pgc-2358-0-0\"  class=\"panel-grid-cell\" ><div id=\"panel-2358-0-0-0\" class=\"so-panel widget widget_black-studio-tinymce widget_black_studio_tinymce panel-first-child panel-last-child\" data-index=\"0\" ><h3 class=\"widget-title\">Psychomotorik<\/h3><div class=\"textwidget\"><p>Sch\u00fcler mit einem besonderen F\u00f6rderbedarf im psychomotorischen Bereich k\u00f6nnen an der Neumayerschule an einer F\u00f6rdergruppe \u201ePsychomotorik\u201c teilnehmen. Diese findet einmal w\u00f6chentlich durch eine daf\u00fcr ausgebildete Kollegin statt.<\/p>\n<p>Doch was ist Psychomotorik genau \u00a0und was bzw. welche F\u00f6rderung steht hier im Mittelpunkt?<\/p>\n<p>Laut Klink ist die Psychomotorik \u201eein Zusammenspiel aller Sinne\u201c (vgl. Klink, G. 166 Sportspiele zu Psychomotorik, S. 6), wobei es sich um eine engverbundene \u201eWechselwirkung zwischen seelischen und k\u00f6rperlichen Vorg\u00e4ngen wie H\u00f6ren, Sehen, Gehen, Sprechen (..) im Einklang mit den Gef\u00fchlen und Stimmungen des Kindes\u201c handelt, die sich in\u00a0 \u201eseinen Bewegungen, seinen K\u00f6rperhaltungen\u201c etc. ausdr\u00fccken (vgl. (vgl. Klink, G. 166 Sportspiele zu Psychomotorik, S. 6f).<\/p>\n<p>Ein einfaches Beispiel daf\u00fcr ist ein Kind, das die Empfindung gro\u00dfer Freunde k\u00f6rperlich durch H\u00fcpfen ausdr\u00fcckt.<\/p>\n<p>Vereinfacht gesagt ist die Bewegung die Verbindung von K\u00f6rper, Geist und Seele. Durch unterschiedliche Bewegungserfahrungen wie Laufen, Tanzen, Spielen in Verbindung mit H\u00f6ren, F\u00fchlen und Sehen wird eine neue Selbstwahrnehmung und somit eine Pers\u00f6nlichkeitsentwicklung erm\u00f6glicht.<\/p>\n<p>Dabei kommen verschiedene Materialien wie T\u00fccher, Murmeln, Seile, B\u00e4lle, Reifen etc. zum Einsatz.<\/p>\n<p><img loading=\"lazy\" decoding=\"async\" class=\"alignnone size-medium wp-image-3528\" src=\"https:\/\/www.neumayerschule.de\/wp-content\/uploads\/2017\/11\/Psychomotorik-300x225.jpg\" alt=\"\" width=\"300\" height=\"225\" srcset=\"https:\/\/www.neumayerschule.de\/wp-content\/uploads\/2017\/11\/Psychomotorik-300x225.jpg 300w, https:\/\/www.neumayerschule.de\/wp-content\/uploads\/2017\/11\/Psychomotorik-100x75.jpg 100w, https:\/\/www.neumayerschule.de\/wp-content\/uploads\/2017\/11\/Psychomotorik-768x576.jpg 768w, https:\/\/www.neumayerschule.de\/wp-content\/uploads\/2017\/11\/Psychomotorik.jpg 1024w, https:\/\/www.neumayerschule.de\/wp-content\/uploads\/2017\/11\/Psychomotorik-555x416.jpg 555w\" sizes=\"auto, (max-width: 300px) 100vw, 300px\" \/> <img loading=\"lazy\" decoding=\"async\" class=\"alignnone size-medium wp-image-3527\" src=\"https:\/\/www.neumayerschule.de\/wp-content\/uploads\/2017\/11\/Psychomotorik-3-300x225.jpg\" alt=\"\" width=\"300\" height=\"225\" srcset=\"https:\/\/www.neumayerschule.de\/wp-content\/uploads\/2017\/11\/Psychomotorik-3-300x225.jpg 300w, https:\/\/www.neumayerschule.de\/wp-content\/uploads\/2017\/11\/Psychomotorik-3-100x75.jpg 100w, https:\/\/www.neumayerschule.de\/wp-content\/uploads\/2017\/11\/Psychomotorik-3-768x576.jpg 768w, https:\/\/www.neumayerschule.de\/wp-content\/uploads\/2017\/11\/Psychomotorik-3.jpg 1024w, https:\/\/www.neumayerschule.de\/wp-content\/uploads\/2017\/11\/Psychomotorik-3-555x416.jpg 555w\" sizes=\"auto, (max-width: 300px) 100vw, 300px\" \/> <img loading=\"lazy\" decoding=\"async\" class=\"alignnone size-medium wp-image-3526\" src=\"https:\/\/www.neumayerschule.de\/wp-content\/uploads\/2017\/11\/Psychomotorik-2-300x225.jpg\" alt=\"\" width=\"300\" height=\"225\" srcset=\"https:\/\/www.neumayerschule.de\/wp-content\/uploads\/2017\/11\/Psychomotorik-2-300x225.jpg 300w, https:\/\/www.neumayerschule.de\/wp-content\/uploads\/2017\/11\/Psychomotorik-2-100x75.jpg 100w, https:\/\/www.neumayerschule.de\/wp-content\/uploads\/2017\/11\/Psychomotorik-2-768x576.jpg 768w, https:\/\/www.neumayerschule.de\/wp-content\/uploads\/2017\/11\/Psychomotorik-2.jpg 1024w, https:\/\/www.neumayerschule.de\/wp-content\/uploads\/2017\/11\/Psychomotorik-2-555x416.jpg 555w\" sizes=\"auto, (max-width: 300px) 100vw, 300px\" \/> <img loading=\"lazy\" decoding=\"async\" class=\"alignnone size-medium wp-image-3525\" src=\"https:\/\/www.neumayerschule.de\/wp-content\/uploads\/2017\/11\/Psychomotorik-1-300x225.jpg\" alt=\"\" width=\"300\" height=\"225\" srcset=\"https:\/\/www.neumayerschule.de\/wp-content\/uploads\/2017\/11\/Psychomotorik-1-300x225.jpg 300w, https:\/\/www.neumayerschule.de\/wp-content\/uploads\/2017\/11\/Psychomotorik-1-100x75.jpg 100w, https:\/\/www.neumayerschule.de\/wp-content\/uploads\/2017\/11\/Psychomotorik-1-768x576.jpg 768w, https:\/\/www.neumayerschule.de\/wp-content\/uploads\/2017\/11\/Psychomotorik-1.jpg 1024w, https:\/\/www.neumayerschule.de\/wp-content\/uploads\/2017\/11\/Psychomotorik-1-555x416.jpg 555w\" sizes=\"auto, (max-width: 300px) 100vw, 300px\" \/><\/p>\n<\/div><\/div><\/div><\/div><\/div>","protected":false},"excerpt":{"rendered":"<p>Sch\u00fcler mit einem besonderen F\u00f6rderbedarf im psychomotorischen Bereich k\u00f6nnen an der Neumayerschule an einer F\u00f6rdergruppe \u201ePsychomotorik\u201c teilnehmen. Diese findet einmal w\u00f6chentlich durch eine daf\u00fcr ausgebildete Kollegin statt.Doch was ist Psychomotorik genau \u00a0und was bzw. welche F\u00f6rderung steht hier im Mittelpunkt?Laut Klink ist die Psychomotorik \u201eein Zusammenspiel aller Sinne\u201c (vgl. Klink, G. 166 Sportspiele zu Psychomotorik, &hellip;<\/p>\n","protected":false},"author":1,"featured_media":0,"parent":0,"menu_order":0,"comment_status":"closed","ping_status":"closed","template":"","meta":{"footnotes":""},"class_list":["post-2358","page","type-page","status-publish","hentry"],"_links":{"self":[{"href":"https:\/\/www.neumayerschule.de\/index.php?rest_route=\/wp\/v2\/pages\/2358","targetHints":{"allow":["GET"]}}],"collection":[{"href":"https:\/\/www.neumayerschule.de\/index.php?rest_route=\/wp\/v2\/pages"}],"about":[{"href":"https:\/\/www.neumayerschule.de\/index.php?rest_route=\/wp\/v2\/types\/page"}],"author":[{"embeddable":true,"href":"https:\/\/www.neumayerschule.de\/index.php?rest_route=\/wp\/v2\/users\/1"}],"replies":[{"embeddable":true,"href":"https:\/\/www.neumayerschule.de\/index.php?rest_route=%2Fwp%2Fv2%2Fcomments&post=2358"}],"version-history":[{"count":0,"href":"https:\/\/www.neumayerschule.de\/index.php?rest_route=\/wp\/v2\/pages\/2358\/revisions"}],"wp:attachment":[{"href":"https:\/\/www.neumayerschule.de\/index.php?rest_route=%2Fwp%2Fv2%2Fmedia&parent=2358"}],"curies":[{"name":"wp","href":"https:\/\/api.w.org\/{rel}","templated":true}]}}