{"id":2360,"date":"2015-05-22T09:14:35","date_gmt":"2015-05-22T07:14:35","guid":{"rendered":"http:\/\/www.neumayerschule.de\/?page_id=2360"},"modified":"2025-08-22T17:36:00","modified_gmt":"2025-08-22T15:36:00","slug":"beratung-schon-im-vorfeld","status":"publish","type":"page","link":"https:\/\/www.neumayerschule.de\/?page_id=2360","title":{"rendered":"Informationsnachmittag"},"content":{"rendered":"<div id=\"pl-2360\"  class=\"panel-layout\" ><div id=\"pg-2360-0\"  class=\"panel-grid panel-no-style\" ><div id=\"pgc-2360-0-0\"  class=\"panel-grid-cell\" ><div id=\"panel-2360-0-0-0\" class=\"so-panel widget widget_black-studio-tinymce widget_black_studio_tinymce panel-first-child panel-last-child\" data-index=\"0\" ><h3 class=\"widget-title\">Informationsnachmittag<\/h3><div class=\"textwidget\"><p>Die Schulanmeldung erfolgt an der zust\u00e4ndigen Grundschule. Die Eltern sollten die Grundschule informieren, wenn ihr Kind sprachliche Auff\u00e4lligkeiten hat und es eine besondere sprachliche F\u00f6rderung ben\u00f6tigt. Im Fr\u00fchjahr findet ein Informationsnachmittag an unserer Schule statt. Hier k\u00f6nnen sich die Eltern \u00fcber unsere Schule informieren (Termin wird zeitnah unter \"Termine\" bekanntgegeben). Bei vermutetem F\u00f6rderbedarf stellt die Grundschule an die zust\u00e4ndige F\u00f6rderschule einen Antrag zur Feststellung des besonderen F\u00f6rderbedarfs. F\u00fcr jedes gemeldete Kind wird dann ein sonderp\u00e4dagogisches Gutachten erstellt, das mit den Eltern ausf\u00fchrlich besprochen wird. Liegt F\u00f6rderbedarf im Schwerpunkt Sprache vor, erfolgt die Einweisung des Kindes entsprechend dem Willen der Eltern entweder in unsere Schule oder in eine Schwerpunktschule. Die Zuweisung erfolgt durch die Schulbeh\u00f6rde (ADD Neustadt).<br \/>\nIhre Ansprechpartnerin:<br \/>\nSusanne Kuppetz (Schulleitung)<br \/>\nTel.: 06233\/ 2 10 70<\/p>\n<\/div><\/div><\/div><\/div><\/div>","protected":false},"excerpt":{"rendered":"<p>Die Schulanmeldung erfolgt an der zust\u00e4ndigen Grundschule. Die Eltern sollten die Grundschule informieren, wenn ihr Kind sprachliche Auff\u00e4lligkeiten hat und es eine besondere sprachliche F\u00f6rderung ben\u00f6tigt. Im Fr\u00fchjahr findet ein Informationsnachmittag an unserer Schule statt. Hier k\u00f6nnen sich die Eltern \u00fcber unsere Schule informieren (Termin wird zeitnah unter &#8222;Termine&#8220; bekanntgegeben). Bei vermutetem F\u00f6rderbedarf stellt die &hellip;<\/p>\n","protected":false},"author":1,"featured_media":0,"parent":0,"menu_order":0,"comment_status":"closed","ping_status":"closed","template":"","meta":{"footnotes":""},"class_list":["post-2360","page","type-page","status-publish","hentry"],"_links":{"self":[{"href":"https:\/\/www.neumayerschule.de\/index.php?rest_route=\/wp\/v2\/pages\/2360","targetHints":{"allow":["GET"]}}],"collection":[{"href":"https:\/\/www.neumayerschule.de\/index.php?rest_route=\/wp\/v2\/pages"}],"about":[{"href":"https:\/\/www.neumayerschule.de\/index.php?rest_route=\/wp\/v2\/types\/page"}],"author":[{"embeddable":true,"href":"https:\/\/www.neumayerschule.de\/index.php?rest_route=\/wp\/v2\/users\/1"}],"replies":[{"embeddable":true,"href":"https:\/\/www.neumayerschule.de\/index.php?rest_route=%2Fwp%2Fv2%2Fcomments&post=2360"}],"version-history":[{"count":3,"href":"https:\/\/www.neumayerschule.de\/index.php?rest_route=\/wp\/v2\/pages\/2360\/revisions"}],"predecessor-version":[{"id":6733,"href":"https:\/\/www.neumayerschule.de\/index.php?rest_route=\/wp\/v2\/pages\/2360\/revisions\/6733"}],"wp:attachment":[{"href":"https:\/\/www.neumayerschule.de\/index.php?rest_route=%2Fwp%2Fv2%2Fmedia&parent=2360"}],"curies":[{"name":"wp","href":"https:\/\/api.w.org\/{rel}","templated":true}]}}