{"id":2383,"date":"2015-05-22T09:30:45","date_gmt":"2015-05-22T07:30:45","guid":{"rendered":"http:\/\/www.neumayerschule.de\/?page_id=2383"},"modified":"2016-03-07T17:43:52","modified_gmt":"2016-03-07T16:43:52","slug":"elo-stopp-programm","status":"publish","type":"page","link":"https:\/\/www.neumayerschule.de\/?page_id=2383","title":{"rendered":"Elo &#8211; die Geschichte"},"content":{"rendered":"<div id=\"pl-2383\"  class=\"panel-layout\" ><div id=\"pg-2383-0\"  class=\"panel-grid panel-no-style\" ><div id=\"pgc-2383-0-0\"  class=\"panel-grid-cell\" ><div id=\"panel-2383-0-0-0\" class=\"so-panel widget widget_black-studio-tinymce widget_black_studio_tinymce panel-first-child panel-last-child\" data-index=\"0\" ><div class=\"textwidget\"><p><img loading=\"lazy\" decoding=\"async\" class=\"alignnone size-full wp-image-2377\" src=\"https:\/\/www.neumayerschule.de\/wp-content\/uploads\/2015\/05\/elo1-2.jpg\" alt=\"elo1 (2)\" width=\"250\" height=\"174\" \/><\/p>\n<\/div><\/div><\/div><div id=\"pgc-2383-0-1\"  class=\"panel-grid-cell\" ><div id=\"panel-2383-0-1-0\" class=\"so-panel widget widget_black-studio-tinymce widget_black_studio_tinymce panel-first-child panel-last-child\" data-index=\"1\" ><div class=\"textwidget\"><p>Elo lebt in Afrika. Er ist grau und gro\u00df wie alle Elefanten. Nur wenn Elo sich \u00e4rgert wird er rot, erst am R\u00fcssel, dann an den Ohren und dann am ganzen K\u00f6rper. Es reicht, wenn die Maus ruft: \u201eElo, Belo, Celo\u201c und er leuchtet, wie eine rote Ampel.<\/p>\n<\/div><\/div><\/div><\/div><div id=\"pg-2383-1\"  class=\"panel-grid panel-no-style\" ><div id=\"pgc-2383-1-0\"  class=\"panel-grid-cell\" ><div id=\"panel-2383-1-0-0\" class=\"so-panel widget widget_black-studio-tinymce widget_black_studio_tinymce panel-first-child panel-last-child\" data-index=\"2\" ><div class=\"textwidget\"><p>Die Affen, die L\u00f6wen, die V\u00f6gel \u2013 alle \u00e4rgerten Elo, bis er rot wurde wie eine Tomate. Elo sch\u00e4mte sich und versteckte sich in einer dunklen H\u00f6hle. Einsam, traurig und m\u00fcde schlief er ein. <\/p>\n<\/div><\/div><\/div><div id=\"pgc-2383-1-1\"  class=\"panel-grid-cell\" ><div id=\"panel-2383-1-1-0\" class=\"so-panel widget widget_black-studio-tinymce widget_black_studio_tinymce panel-first-child panel-last-child\" data-index=\"3\" ><div class=\"textwidget\"><p><img loading=\"lazy\" decoding=\"async\" class=\"alignnone size-full wp-image-2378\" src=\"https:\/\/www.neumayerschule.de\/wp-content\/uploads\/2015\/05\/elo2-2.jpg\" alt=\"elo2 (2)\" width=\"250\" height=\"172\" \/><\/p>\n<\/div><\/div><\/div><\/div><div id=\"pg-2383-2\"  class=\"panel-grid panel-no-style\" ><div id=\"pgc-2383-2-0\"  class=\"panel-grid-cell\" ><div id=\"panel-2383-2-0-0\" class=\"so-panel widget widget_black-studio-tinymce widget_black_studio_tinymce panel-first-child panel-last-child\" data-index=\"4\" ><div class=\"textwidget\"><p><img loading=\"lazy\" decoding=\"async\" class=\"alignnone size-full wp-image-2379\" src=\"https:\/\/www.neumayerschule.de\/wp-content\/uploads\/2015\/05\/elo3-2.jpg\" alt=\"elo3 (2)\" width=\"250\" height=\"171\" \/><\/p>\n<\/div><\/div><\/div><div id=\"pgc-2383-2-1\"  class=\"panel-grid-cell\" ><div id=\"panel-2383-2-1-0\" class=\"so-panel widget widget_black-studio-tinymce widget_black_studio_tinymce panel-first-child panel-last-child\" data-index=\"5\" ><div class=\"textwidget\"><p>Am n\u00e4chsten Morgen fand ihn seine Schwester Lilo. Elo erz\u00e4hlte ihr alles und Lilo gab ihm einen Tipp: \u201eWir gro\u00dfen Elefanten haben so eine dicke Haut, damit wir uns \u00fcber nichts \u00e4rgern brauchen.\u201c<\/p>\n<\/div><\/div><\/div><\/div><div id=\"pg-2383-3\"  class=\"panel-grid panel-no-style\" ><div id=\"pgc-2383-3-0\"  class=\"panel-grid-cell\" ><div id=\"panel-2383-3-0-0\" class=\"so-panel widget widget_black-studio-tinymce widget_black_studio_tinymce panel-first-child panel-last-child\" data-index=\"6\" ><div class=\"textwidget\"><p>Als Lilo und Elo zu den anderen Tieren kamen, versuchten alle Elo wieder zu \u00e4rgern. Elo wurde zwar ein bisschen rosa, aber er lachte und \u00e4rgerte sich kein bisschen. Selbst als die Maus rief: \u201eElo, Belo, Celo, Delo!\u201c blieb er cool, lachte und rief zur\u00fcck: \u201eHallo, Maus, Saus, Braus, Laus\u201c und marschierte fr\u00f6hlich weiter.<\/p>\n<\/div><\/div><\/div><div id=\"pgc-2383-3-1\"  class=\"panel-grid-cell\" ><div id=\"panel-2383-3-1-0\" class=\"so-panel widget widget_black-studio-tinymce widget_black_studio_tinymce panel-first-child panel-last-child\" data-index=\"7\" ><div class=\"textwidget\"><p><img loading=\"lazy\" decoding=\"async\" class=\"alignnone size-full wp-image-2380\" src=\"https:\/\/www.neumayerschule.de\/wp-content\/uploads\/2015\/05\/elo4-2.jpg\" alt=\"elo4 (2)\" width=\"250\" height=\"173\" \/><\/p>\n<\/div><\/div><\/div><\/div><div id=\"pg-2383-4\"  class=\"panel-grid panel-no-style\" ><div id=\"pgc-2383-4-0\"  class=\"panel-grid-cell\" ><div id=\"panel-2383-4-0-0\" class=\"so-panel widget widget_black-studio-tinymce widget_black_studio_tinymce panel-first-child panel-last-child\" data-index=\"8\" ><div class=\"textwidget\"><p>Quelle: Hoffmann, Lilienfeld-Toal, Metz, Kordelle-Elfner: \"Stopp - Kinder gehen gewaltfrei mit Konflikten um\", Persenverlag, Best.-Nr.: 3849<\/p>\n<p><strong>Diese Geschichte von Elo, dem Elefanten spielt in unserer Schule eine gro\u00dfe Rolle. Sowie Elo es schaffte, sich nicht mehr \u00e4rgern zu lassen und sich seiner dicken Haut bewusst zu werden, versuchen auch die Sch\u00fcler sich nicht mehr so leicht \u00e4rgern zu lassen. Manchmal regt man sich viel zu schnell auf \u2013 das wissen kleine und gro\u00dfe Menschen. Die kontinuierliche Arbeit mit Rollenspielen, Pantomime, Musik, Kunst, Verhaltenstraining und Spielen unterst\u00fctzt die Sch\u00fcler dabei einem Streit auch einfach mal aus dem Weg gehen, mit Konflikten ad\u00e4quat umzugehen.<\/strong> <\/p>\n<\/div><\/div><\/div><\/div><\/div>","protected":false},"excerpt":{"rendered":"<p>Elo lebt in Afrika. Er ist grau und gro\u00df wie alle Elefanten. Nur wenn Elo sich \u00e4rgert wird er rot, erst am R\u00fcssel, dann an den Ohren und dann am ganzen K\u00f6rper. Es reicht, wenn die Maus ruft: \u201eElo, Belo, Celo\u201c und er leuchtet, wie eine rote Ampel. Die Affen, die L\u00f6wen, die V\u00f6gel \u2013 &hellip;<\/p>\n","protected":false},"author":1,"featured_media":0,"parent":0,"menu_order":0,"comment_status":"closed","ping_status":"closed","template":"","meta":{"footnotes":""},"class_list":["post-2383","page","type-page","status-publish","hentry"],"_links":{"self":[{"href":"https:\/\/www.neumayerschule.de\/index.php?rest_route=\/wp\/v2\/pages\/2383","targetHints":{"allow":["GET"]}}],"collection":[{"href":"https:\/\/www.neumayerschule.de\/index.php?rest_route=\/wp\/v2\/pages"}],"about":[{"href":"https:\/\/www.neumayerschule.de\/index.php?rest_route=\/wp\/v2\/types\/page"}],"author":[{"embeddable":true,"href":"https:\/\/www.neumayerschule.de\/index.php?rest_route=\/wp\/v2\/users\/1"}],"replies":[{"embeddable":true,"href":"https:\/\/www.neumayerschule.de\/index.php?rest_route=%2Fwp%2Fv2%2Fcomments&post=2383"}],"version-history":[{"count":0,"href":"https:\/\/www.neumayerschule.de\/index.php?rest_route=\/wp\/v2\/pages\/2383\/revisions"}],"wp:attachment":[{"href":"https:\/\/www.neumayerschule.de\/index.php?rest_route=%2Fwp%2Fv2%2Fmedia&parent=2383"}],"curies":[{"name":"wp","href":"https:\/\/api.w.org\/{rel}","templated":true}]}}