{"id":2683,"date":"2016-03-07T17:39:43","date_gmt":"2016-03-07T16:39:43","guid":{"rendered":"http:\/\/www.neumayerschule.de\/?page_id=2683"},"modified":"2016-03-07T17:43:17","modified_gmt":"2016-03-07T16:43:17","slug":"elo","status":"publish","type":"page","link":"https:\/\/www.neumayerschule.de\/?page_id=2683","title":{"rendered":"Stopp-Programm"},"content":{"rendered":"<div id=\"pl-2683\"  class=\"panel-layout\" ><div id=\"pg-2683-0\"  class=\"panel-grid panel-no-style\" ><div id=\"pgc-2683-0-0\"  class=\"panel-grid-cell\" ><div id=\"panel-2683-0-0-0\" class=\"so-panel widget widget_black-studio-tinymce widget_black_studio_tinymce panel-first-child panel-last-child\" data-index=\"0\" ><div class=\"textwidget\"><p>Die Geschichte von Elo dem Elefanten spielt in unserer Schule eine gro\u00dfe Rolle. Sie ist zentraler Bestandteil unseres sog. \u201eStopp- Programms\u201c.<\/p>\n<p>Die Kinder lernen zu Beginn der ersten Klasse die Geschichte von Elo kennen. Sch\u00fclerinnen und Sch\u00fcler der 2. Klasse spielen ihnen diese Geschichte dann auch vor.<\/p>\n<p>Anhand der Figur des Elefanten Elo wird der Umgang miteinander thematisiert. Alle Kinder sollen sich in der Schule wohl f\u00fchlen, kein Kind soll mit Angst in die Schule kommen.<\/p>\n<p>Anhand von (Rollen-) spielen, Geschichten und anderen \u00dcbungen wird eine wichtige Kompetenz gelernt. Ich sage \u201eNein\u201c oder \u201eStopp\u201c, wenn ich etwas nicht m\u00f6chte. Ich h\u00f6re auf, wenn ein anderes Kind zu mir \u201eStopp\u201c sagt.<\/p>\n<p>In unseren Klassen und auch im Schulhaus sehen Besucher der Schule deshalb immer wieder die rote, gebastelte \u201eStopp- Hand\u201c h\u00e4ngen, die die Kinder an den richtigen Umgang miteinander erinnern soll.<\/p>\n<p>Die gemeinsam erarbeiteten Regeln werden in einem \u201eKlassenvertrag\u201c festgehalten. Alle - Sch\u00fclerinnen und Sch\u00fcler und das Klassenteam- unterschreiben und verpflichten sich die Regeln einzuhalten.<\/p>\n<p>Nat\u00fcrlich kommt es bei so vielen Kindern dennoch immer mal wieder zu Streitigkeiten und Konflikten.<\/p>\n<p>Zu diesem Zweck gibt es in den Klassen und auf dem Pausenhof eine sog. Friedensecke. Hier k\u00f6nnen die Sch\u00fclerinnen und Sch\u00fcler gemeinsam mit einer Lehrkraft ein Streitschlichtungsgespr\u00e4ch f\u00fchren, um das Problem zu kl\u00e4ren.<\/p>\n<p>Auch hier gibt das Stopp- Programm mit Elo einen m\u00f6glichen Ablauf vor. Ziel ist es, dass die Sch\u00fclerinnen und Sch\u00fcler lernen, ihre Streitigkeiten zunehmend mehr selbstst\u00e4ndig zu l\u00f6sen.<\/p>\n<p>Bei gr\u00f6\u00dferen Streitigkeiten werden die Eltern dar\u00fcber von der jeweiligen Lehrkraft informiert. Bei Bedarf wird ein Elterngespr\u00e4ch gef\u00fchrt, um eine gemeinsame L\u00f6sung zu finden.<\/p>\n<p>Die Eltern werden am 1. Elternabend ausf\u00fchrlich \u00fcber das Konzept des \u201eStopp\u201c- Programm informiert.<\/p>\n<\/div><\/div><\/div><\/div><\/div>","protected":false},"excerpt":{"rendered":"<p>Die Geschichte von Elo dem Elefanten spielt in unserer Schule eine gro\u00dfe Rolle. Sie ist zentraler Bestandteil unseres sog. \u201eStopp- Programms\u201c.Die Kinder lernen zu Beginn der ersten Klasse die Geschichte von Elo kennen. Sch\u00fclerinnen und Sch\u00fcler der 2. Klasse spielen ihnen diese Geschichte dann auch vor.Anhand der Figur des Elefanten Elo wird der Umgang miteinander &hellip;<\/p>\n","protected":false},"author":3,"featured_media":0,"parent":0,"menu_order":0,"comment_status":"closed","ping_status":"closed","template":"","meta":{"footnotes":""},"class_list":["post-2683","page","type-page","status-publish","hentry"],"_links":{"self":[{"href":"https:\/\/www.neumayerschule.de\/index.php?rest_route=\/wp\/v2\/pages\/2683","targetHints":{"allow":["GET"]}}],"collection":[{"href":"https:\/\/www.neumayerschule.de\/index.php?rest_route=\/wp\/v2\/pages"}],"about":[{"href":"https:\/\/www.neumayerschule.de\/index.php?rest_route=\/wp\/v2\/types\/page"}],"author":[{"embeddable":true,"href":"https:\/\/www.neumayerschule.de\/index.php?rest_route=\/wp\/v2\/users\/3"}],"replies":[{"embeddable":true,"href":"https:\/\/www.neumayerschule.de\/index.php?rest_route=%2Fwp%2Fv2%2Fcomments&post=2683"}],"version-history":[{"count":0,"href":"https:\/\/www.neumayerschule.de\/index.php?rest_route=\/wp\/v2\/pages\/2683\/revisions"}],"wp:attachment":[{"href":"https:\/\/www.neumayerschule.de\/index.php?rest_route=%2Fwp%2Fv2%2Fmedia&parent=2683"}],"curies":[{"name":"wp","href":"https:\/\/api.w.org\/{rel}","templated":true}]}}