{"id":3358,"date":"2017-07-05T19:38:32","date_gmt":"2017-07-05T17:38:32","guid":{"rendered":"http:\/\/www.neumayerschule.de\/?page_id=3358"},"modified":"2025-08-22T17:08:37","modified_gmt":"2025-08-22T15:08:37","slug":"fsj","status":"publish","type":"page","link":"https:\/\/www.neumayerschule.de\/?page_id=3358","title":{"rendered":"FSJ"},"content":{"rendered":"<div id=\"pl-3358\"  class=\"panel-layout\" ><div id=\"pg-3358-0\"  class=\"panel-grid panel-no-style\" ><div id=\"pgc-3358-0-0\"  class=\"panel-grid-cell\" ><div id=\"panel-3358-0-0-0\" class=\"so-panel widget widget_black-studio-tinymce widget_black_studio_tinymce panel-first-child panel-last-child\" data-index=\"0\" ><h3 class=\"widget-title\">Freiwilliges Soziales Jahr <\/h3><div class=\"textwidget\"><p>Die Neumayerschule, Schule mit dem F\u00f6rderschwerpunkt Sprache arbeitet mit dem DRK zusammen. Jeweils zum Sommer bietet das rheinland-pf\u00e4lzische Rote Kreuz an unserer Schule Stellen im Freiwilligendienst an.<br \/>\nDie Schule kann f\u00fcr das Schuljahr 2018\/2019 noch eine\/n FSJ aufnehmen. Das Angebot richtet sich an junge Menschen ab 18 Jahren, die als Freiwillige Lehrer\/innen in ihrer p\u00e4dagogischen Arbeit unterst\u00fctzen, den Bereich der Ganztagsschule umfassend kennen lernen und erste Erfahrungen in einem p\u00e4dagogischen Berufsfeld sammeln m\u00f6chten. Voraussetzungen sind das Interesse daran, Schulkinder der 1. und 2. Klassen zu begleiten und zu f\u00f6rdern, eine positive Einstellung zur Schule sowie Freude an der Zusammenarbeit im Team.<\/p>\n<p>Das Team Freiwilligendienste des DRK-Landesverbandes Rheinland-Pfalz e.V. hat mit dem Freiwilligen Sozialen Jahr (FSJ) und dem Bundesfreiwilligendienst (BFD) zwei Jugendfreiwilligendienste. Beide sind als Bildungs- und Berufsorientierungsjahr f\u00fcr junge Frauen und M\u00e4nner im Alter von 16 bis 26 m\u00f6glich. Die Einsatzgebiete liegen in der Alten-, Kranken- und Familienpflege, der Kinder- und Jugendarbeit, dem Ganztagsschulbereich sowie im Rettungsdienst. W\u00e4hrend ihres Dienstes sind die Freiwilligen sozial- und krankenversichert und erhalten Taschen- und Verpflegungsgeld. In abwechslungsreichen Bildungsseminaren tauschen sie sich \u00fcber ihre Erfahrungen in den Einsatzstellen aus und erarbeiten in der Gruppe selbst gew\u00e4hlte gesellschaftspolitische Themen mithilfe einer gro\u00dfen Methodenvielfalt.<\/p>\n<p>Interessiert? Bewerbungen nehmen die Freiwilligendienste des DRK-Landesverbandes Rheinland-Pfalz e.V. online unter <a href=\"http:\/\/www.fwd-rlp.de\">www.fwd-rlp.de<\/a> entgegen oder per Post an DRK-Landesverband Rheinland-Pfalz e.V., Team Freiwilligendienste, Mitternachtsgasse 4, 55116 Mainz.<\/p>\n<p>Erste Informationen zum Einsatz gibt es direkt von der Schulleiterin Frau Susanne Kuppetz unter Tel. 06233-21070.<\/p>\n<p>Im Schuljahr 2025\/2026 ist Frau Roksana Kasprzycka FSJ.<\/p>\n<\/div><\/div><\/div><\/div><\/div>","protected":false},"excerpt":{"rendered":"<p>Die Neumayerschule, Schule mit dem F\u00f6rderschwerpunkt Sprache arbeitet mit dem DRK zusammen. Jeweils zum Sommer bietet das rheinland-pf\u00e4lzische Rote Kreuz an unserer Schule Stellen im Freiwilligendienst an. Die Schule kann f\u00fcr das Schuljahr 2018\/2019 noch eine\/n FSJ aufnehmen. Das Angebot richtet sich an junge Menschen ab 18 Jahren, die als Freiwillige Lehrer\/innen in ihrer p\u00e4dagogischen &hellip;<\/p>\n","protected":false},"author":3,"featured_media":0,"parent":0,"menu_order":0,"comment_status":"closed","ping_status":"closed","template":"","meta":{"footnotes":""},"class_list":["post-3358","page","type-page","status-publish","hentry"],"_links":{"self":[{"href":"https:\/\/www.neumayerschule.de\/index.php?rest_route=\/wp\/v2\/pages\/3358","targetHints":{"allow":["GET"]}}],"collection":[{"href":"https:\/\/www.neumayerschule.de\/index.php?rest_route=\/wp\/v2\/pages"}],"about":[{"href":"https:\/\/www.neumayerschule.de\/index.php?rest_route=\/wp\/v2\/types\/page"}],"author":[{"embeddable":true,"href":"https:\/\/www.neumayerschule.de\/index.php?rest_route=\/wp\/v2\/users\/3"}],"replies":[{"embeddable":true,"href":"https:\/\/www.neumayerschule.de\/index.php?rest_route=%2Fwp%2Fv2%2Fcomments&post=3358"}],"version-history":[{"count":5,"href":"https:\/\/www.neumayerschule.de\/index.php?rest_route=\/wp\/v2\/pages\/3358\/revisions"}],"predecessor-version":[{"id":6725,"href":"https:\/\/www.neumayerschule.de\/index.php?rest_route=\/wp\/v2\/pages\/3358\/revisions\/6725"}],"wp:attachment":[{"href":"https:\/\/www.neumayerschule.de\/index.php?rest_route=%2Fwp%2Fv2%2Fmedia&parent=3358"}],"curies":[{"name":"wp","href":"https:\/\/api.w.org\/{rel}","templated":true}]}}