{"id":3362,"date":"2017-07-05T19:39:05","date_gmt":"2017-07-05T17:39:05","guid":{"rendered":"http:\/\/www.neumayerschule.de\/?page_id=3362"},"modified":"2025-08-22T17:09:06","modified_gmt":"2025-08-22T15:09:06","slug":"pes","status":"publish","type":"page","link":"https:\/\/www.neumayerschule.de\/?page_id=3362","title":{"rendered":"PES"},"content":{"rendered":"<div id=\"pl-3362\"  class=\"panel-layout\" ><div id=\"pg-3362-0\"  class=\"panel-grid panel-no-style\" ><div id=\"pgc-3362-0-0\"  class=\"panel-grid-cell\" ><div id=\"panel-3362-0-0-0\" class=\"so-panel widget widget_black-studio-tinymce widget_black_studio_tinymce panel-first-child panel-last-child\" data-index=\"0\" ><h3 class=\"widget-title\">PES<\/h3><div class=\"textwidget\"><p>Die Neumayerschule F\u00f6rderschule Sprache ist eine sog. PES Schule.<\/p>\n<p>Seit dem Schuljahr 2006\/2007 nimmt sie an<\/p>\n<p><em>PES <\/em>(Personalmanagement im Rahmen Erweiterter Selbstst\u00e4ndigkeit von Schulen) teil. Dieses hat sich zum Ziel gesetzt, Unterrichtsausfall an allen rheinland-pf\u00e4lzischen Schulen so gering wie m\u00f6glich zu halten. Die Landesregierung stellt daf\u00fcr den Schulen ein eigenes Budget zur Verf\u00fcgung. Mit dessen Mitteln sind wir in der Lage zus\u00e4tzliche Vertretungskr\u00e4fte zu gewinnen und zu finanzieren und k\u00f6nnen Vertretungsf\u00e4lle teilweise selbst regulieren.<\/p>\n<p>Weitere Informationen gibt es unter:<\/p>\n<p>http:\/\/pes.bildung-rp.de<\/p>\n<p>Im Schuljahr 2025\/2026 sind<strong> Frau Kailich <\/strong>und <strong>Frau Moritz<\/strong> bei uns an der Schule.<\/p>\n<\/div><\/div><\/div><\/div><\/div>","protected":false},"excerpt":{"rendered":"<p>Die Neumayerschule F\u00f6rderschule Sprache ist eine sog. PES Schule. Seit dem Schuljahr 2006\/2007 nimmt sie an PES (Personalmanagement im Rahmen Erweiterter Selbstst\u00e4ndigkeit von Schulen) teil. Dieses hat sich zum Ziel gesetzt, Unterrichtsausfall an allen rheinland-pf\u00e4lzischen Schulen so gering wie m\u00f6glich zu halten. Die Landesregierung stellt daf\u00fcr den Schulen ein eigenes Budget zur Verf\u00fcgung. Mit dessen &hellip;<\/p>\n","protected":false},"author":3,"featured_media":0,"parent":0,"menu_order":0,"comment_status":"closed","ping_status":"closed","template":"","meta":{"footnotes":""},"class_list":["post-3362","page","type-page","status-publish","hentry"],"_links":{"self":[{"href":"https:\/\/www.neumayerschule.de\/index.php?rest_route=\/wp\/v2\/pages\/3362","targetHints":{"allow":["GET"]}}],"collection":[{"href":"https:\/\/www.neumayerschule.de\/index.php?rest_route=\/wp\/v2\/pages"}],"about":[{"href":"https:\/\/www.neumayerschule.de\/index.php?rest_route=\/wp\/v2\/types\/page"}],"author":[{"embeddable":true,"href":"https:\/\/www.neumayerschule.de\/index.php?rest_route=\/wp\/v2\/users\/3"}],"replies":[{"embeddable":true,"href":"https:\/\/www.neumayerschule.de\/index.php?rest_route=%2Fwp%2Fv2%2Fcomments&post=3362"}],"version-history":[{"count":2,"href":"https:\/\/www.neumayerschule.de\/index.php?rest_route=\/wp\/v2\/pages\/3362\/revisions"}],"predecessor-version":[{"id":6726,"href":"https:\/\/www.neumayerschule.de\/index.php?rest_route=\/wp\/v2\/pages\/3362\/revisions\/6726"}],"wp:attachment":[{"href":"https:\/\/www.neumayerschule.de\/index.php?rest_route=%2Fwp%2Fv2%2Fmedia&parent=3362"}],"curies":[{"name":"wp","href":"https:\/\/api.w.org\/{rel}","templated":true}]}}